{"id":3530,"date":"2025-01-21T14:12:27","date_gmt":"2025-01-21T14:12:27","guid":{"rendered":"https:\/\/grusgrus.fi\/?page_id=3530"},"modified":"2025-01-21T14:16:01","modified_gmt":"2025-01-21T14:16:01","slug":"tietosuojaseloste","status":"publish","type":"page","link":"https:\/\/grusgrus.fi\/sv\/tietosuojaseloste\/","title":{"rendered":"Tietosuojaseloste"},"content":{"rendered":"<div data-elementor-type=\"wp-page\" data-elementor-id=\"3530\" class=\"elementor elementor-3530\" data-elementor-post-type=\"page\">\n\t\t\t\t<div class=\"elementor-element elementor-element-4614d3f e-flex e-con-boxed e-con e-parent\" data-id=\"4614d3f\" data-element_type=\"container\">\n\t\t\t\t\t<div class=\"e-con-inner\">\n\t\t\t\t<div class=\"elementor-element elementor-element-f56d910 elementor-widget elementor-widget-text-editor\" data-id=\"f56d910\" data-element_type=\"widget\" data-widget_type=\"text-editor.default\">\n\t\t\t\t<div class=\"elementor-widget-container\">\n\t\t\t\t\t\t\t\t\t<p><em>T\u00e4ss\u00e4 tietosuojaselosteessa on kuvattu, miten Grus Grus teatteri ry:ss\u00e4 k\u00e4sitell\u00e4\u00e4n henkil\u00f6tietoja. Henkil\u00f6tiedolla tarkoitetaan sellaista tietoa, josta yksitt\u00e4inen henkil\u00f6 on suoraan tai ep\u00e4suoraan tunnistettavissa. K\u00e4sittelemme henkil\u00f6tietoja EU:n tietosuoja-asetuksen mukaisesti. Henkil\u00f6tiedosta k\u00e4ytet\u00e4\u00e4n t\u00e4ss\u00e4 tietosuojaselosteessa my\u00f6hemmin sanaa \u201dk\u00e4ytt\u00e4j\u00e4\u201d. K\u00e4yt\u00e4mme ev\u00e4steit\u00e4 varmistaaksemme sivustomme toimivuuden. Jatkamalla sivuston k\u00e4ytt\u00f6\u00e4 hyv\u00e4ksyt ev\u00e4steiden k\u00e4yt\u00f6n ja tietosuojaselosteessa esitetyt k\u00e4yt\u00e4nn\u00f6t. Tietosuojaseloste on henkil\u00f6tietolain (10 ja 24 \u00a7) ja EU:n yleisen tietosuoja-asetuksen (GDPR) mukainen rekisteri- ja tietosuojaseloste, joka on otettu k\u00e4ytt\u00f6\u00f6n 23.5.2018<\/em><\/p><p>\u00a0<\/p>\t\t\t\t\t\t\t\t<\/div>\n\t\t\t\t<\/div>\n\t\t\t\t<div class=\"elementor-element elementor-element-e7611a1 elementor-widget elementor-widget-heading\" data-id=\"e7611a1\" data-element_type=\"widget\" data-widget_type=\"heading.default\">\n\t\t\t\t<div class=\"elementor-widget-container\">\n\t\t\t\t\t<h2 class=\"elementor-heading-title elementor-size-default\">Rekisteri- ja tietosuojaseloste<span style=\"background-color: var(--bs-body-bg);font-size: 2rem;text-align: var(--text-align)\"><\/span><\/h2>\t\t\t\t<\/div>\n\t\t\t\t<\/div>\n\t\t\t\t<div class=\"elementor-element elementor-element-d96e8b0 elementor-widget elementor-widget-text-editor\" data-id=\"d96e8b0\" data-element_type=\"widget\" data-widget_type=\"text-editor.default\">\n\t\t\t\t<div class=\"elementor-widget-container\">\n\t\t\t\t\t\t\t\t\t<div>1. Rekisterinpit\u00e4j\u00e4<\/div><div>Grus Grus Teatteri yhdistys ry (1087792-2)<\/div><div>It\u00e4inen Rantakatu 64<\/div><div>20810 \u00c5bo<\/div><div>info@grusgrus.fi\u00a0<\/div><div>044 242 9324<\/div><div>\u00a0<\/div><div>2. Rekisterist\u00e4 vastaavahenkil\u00f6\u00a0<\/div><div>Toiminnanjohtaja Sanna Soni, sanna.soni@grusgrus.fi, 044 242 9324<\/div><div>\u00a0<\/div><div>\u00a0<\/div><div>3. Rekisterin nimi<\/div><div>Asiakas- ja sidosryhm\u00e4rekisteri\u00a0<\/div><div>\u00a0<\/div><div>4.Henkil\u00f6tietojen k\u00e4sittelyn tarkoitus<\/div><div>T\u00e4m\u00e4n henkil\u00f6tietorekisterin p\u00e4\u00e4asiallisena tarkoituksena on toimia Grus Grus teatterin asiakas- ja sidosryhm\u00e4rekisterin\u00e4. Rekisteri sis\u00e4lt\u00e4\u00e4 henkil\u00f6tietoja Grus Grus teatteri ry:n henkil\u00f6- yritys ja yhteis\u00f6asiakkaista- ja sidosryhmist\u00e4.<\/div><div>Rekisterin sis\u00e4lt\u00e4mi\u00e4 asiakastietoja voidaan k\u00e4sitell\u00e4 seuraavissa tarkoituksissa:<\/div><div>\u2022Yhteydenpito<\/div><div>\u2022Asiakas- ja sidosryhm\u00e4suhteen hoitaminen ja hallinta<\/div><div>\u2022Asiakkaalle ja sidosryhmille suunnattujen palveluiden ja toimintojen toteuttaminen, kehitt\u00e4minen ja yll\u00e4pit\u00e4minen<\/div><div>\u2022Grus Grus teatterin toiminnasta viestint\u00e4, markkinointi, myynnin edist\u00e4minen ja vaikuttavuus- ja markkinatutkimukset<\/div><div>\u2022Grus Grus teatterin operatiivisen toiminnan k\u00e4ytt\u00f6tarpeet, kuten palveluprosessin toteuttaminen, laskutus ja raportointi<\/div><div>\u2022Voidaan k\u00e4ytt\u00e4\u00e4 my\u00f6s asiakaspalautteen k\u00e4sittelyyn ja siihen vastaamiseen. Hyvityspyynt\u00f6jen ja korvausvaatimusten k\u00e4sittely, vastaaminen ja maksaminen. Asiakaskannan analysointi ja luokittelu joiden tavoitteena on viestinn\u00e4n kohdentaminen<\/div><div>\u00a0<\/div><div>5. Rekisterin tietosis\u00e4lt\u00f6<\/div><div>Rekisteriin ker\u00e4t\u00e4\u00e4n tietoa k\u00e4ytt\u00e4j\u00e4n tehdess\u00e4 ostoksia, varauksia tai ilmoittautumisia tai s\u00e4hk\u00f6postitse, puhelimitse, henkil\u00f6kohtaisesti tai sosiaalisesta mediasta.<\/div><div>Rekisteriin tallennettavia tietoja on lueteltu alta, osa ker\u00e4tyist\u00e4 tiedoista on vapaaehtoisia.<\/div><div>Sidosryhm\u00e4rekisteriin talletaan my\u00f6s julkisia tietoja. Tietoja ei k\u00e4ytet\u00e4 automatisoituun p\u00e4\u00e4t\u00f6ksentekoon tai profilointiin.<\/div><div>\u00a0<\/div><div>\u2022nimet<\/div><div>\u2022osoitteita<\/div><div>\u2022k\u00e4ytt\u00f6kieli<\/div><div>\u2022syntym\u00e4aika<\/div><div>\u2022asuinmaa<\/div><div>\u2022puhelinnumeroita<\/div><div>\u2022s\u00e4hk\u00f6postiosoitteita<\/div><div>\u2022organisaatiotietoja<\/div><div>\u2022suoramarkkinointilupiin ja -kieltoihin liittyvi\u00e4 merkint\u00f6j\u00e4<\/div><div>\u2022muita palveluiden k\u00e4yt\u00f6n edellytt\u00e4mi\u00e4 tietoja.<\/div><div>\u00a0<\/div><div>Verkkosivullamme k\u00e4ytet\u00e4\u00e4n k\u00e4ytt\u00e4j\u00e4seurannassa Google Analytics -ohjelmistoa, jonka tarjoaa Google Inc. Google Analytics yksil\u00f6i k\u00e4ytt\u00e4j\u00e4n ns. ev\u00e4steill\u00e4 (engl. cookies). Sivuston k\u00e4ytt\u00f6\u00e4 koskevat tiedot v\u00e4litet\u00e4\u00e4n ja s\u00e4ilytet\u00e4\u00e4n Googlen palvelimilla mm. Yhdysvalloissa. Grus Grus k\u00e4ytt\u00e4\u00e4 t\u00e4t\u00e4 tietoa koostaakseen verkkosivuston k\u00e4yt\u00f6st\u00e4 raportteja, joita k\u00e4ytet\u00e4\u00e4n k\u00e4vij\u00e4m\u00e4\u00e4r\u00e4tilastointiin ja palvelun parantamista varten. Ev\u00e4steill\u00e4 ker\u00e4tty k\u00e4ytt\u00e4j\u00e4tieto on anonyymia. K\u00e4ytt\u00e4j\u00e4 voi est\u00e4\u00e4 ev\u00e4steiden k\u00e4yt\u00f6n valitsemalla selaimensa asetuksista ev\u00e4steiden est\u00e4misen. T\u00e4ll\u00f6in k\u00e4ytt\u00e4j\u00e4 ei v\u00e4ltt\u00e4m\u00e4tt\u00e4 voi k\u00e4ytt\u00e4\u00e4 hyv\u00e4ksi kaikkia sivuston toiminnallisuuksia. K\u00e4ytt\u00e4m\u00e4ll\u00e4 n\u00e4it\u00e4 verkkosivuja k\u00e4ytt\u00e4j\u00e4 hyv\u00e4ksyy Googlen tiedonkeruun yll\u00e4 mainittuihin k\u00e4ytt\u00f6tarkoituksiin. Lis\u00e4tietoja Googlen analytiikkaseurannasta Googlen tietosuojasivulta.<\/div><div>\u00a0<\/div><div>Grus Grus teatteri ei myy lippuja suoraan itse. Lipunmyynnin osalta tietojen k\u00e4sittely on ulkoistettu Eventio Oy:lle (y-tunnus 1925337-4). Grus Grus Teatteri ry on rekisterinpit\u00e4j\u00e4 ts. henkil\u00f6tietojen k\u00e4sittelyst\u00e4 vastaava taho.<\/div><div>Tietojen k\u00e4sittelij\u00e4n yhteystiedot:<\/div><div>Eventio Oy \u2028Tierankatu 4B\u202820520 Turku\u2028puh. 0403 110 565\u2028e-mail asiakaspalvelu@eventio.fi<\/div><div>\u00a0<\/div><div>6. Tietojen s\u00e4\u00e4nn\u00f6nmukaiset luovutukset ja tietojen siirto EU:n tai ETA:n ulkopuolelle<\/div><div>Rekisterin tietoja ei luovuteta kolmansille osapuolille.<\/div><div>\u00a0<\/div><div>7. Rekisterin suojauksen periaatteet\u2028Rekisterin k\u00e4sittelyss\u00e4 noudatetaan huolellisuutta ja tietoj\u00e4rjestelmien avulla k\u00e4sitelt\u00e4v\u00e4t tiedot suojataan asianmukaisesti. Rekisteritietoja s\u00e4ilytet\u00e4\u00e4n Internet-palvelimilla, ja digitaalisesta tietoturvasta huolehditaan asiaankuuluvasti. S\u00e4hk\u00f6isess\u00e4 muodossa oleva aineisto ker\u00e4t\u00e4\u00e4n tietokantoihin, jotka ovat suojattu salasanoilla. Rekisterinpit\u00e4j\u00e4 huolehtii siit\u00e4, ett\u00e4 tallennettuja tietoja sek\u00e4 palvelimien k\u00e4ytt\u00f6oikeuksia ja muita henkil\u00f6tietojen turvallisuuden kannalta kriittisi\u00e4 tietoja k\u00e4sitell\u00e4\u00e4n luottamuksellisesti ja vain niiden ty\u00f6ntekij\u00f6iden ja hallinnon edustajien toimesta, joiden ty\u00f6nkuvaan ja valtuuksiin se kuuluu.<\/div><div>\u00a0<\/div><div>8. Tarkastusoikeus ja oikeus vaatia tiedon korjaamista\u2028Jokaisella rekisteriss\u00e4 olevalla henkil\u00f6ll\u00e4 on oikeus tarkistaa rekisteriin tallennetut tietonsa ja vaatia mahdollisen virheellisen tiedon korjaamista tai puutteellisen tiedon t\u00e4ydent\u00e4mist\u00e4. Mik\u00e4li henkil\u00f6 haluaa tarkistaa h\u00e4nest\u00e4 tallennetut tiedot tai vaatia niihin oikaisua, pyynt\u00f6 tulee l\u00e4hett\u00e4\u00e4 osoitteeseen\u00a0 info@grusgrus.fi niin toimitamme selvityksen sinuun liittyvist\u00e4 tiedoista rekistereiss\u00e4mme kuukauden sis\u00e4ll\u00e4 pyynt\u00f6p\u00e4iv\u00e4st\u00e4. Rekisterinpit\u00e4j\u00e4 voi pyyt\u00e4\u00e4 tarvittaessa pyynn\u00f6n esitt\u00e4j\u00e4\u00e4 todistamaan henkil\u00f6llisyytens\u00e4.<\/div><div>\u00a0<\/div><div>9. Muut henkil\u00f6tietojen k\u00e4sittelyyn liittyv\u00e4t oikeudet\u2028Grus Grus teatteri ker\u00e4\u00e4 vain rekisterin kannalta v\u00e4ltt\u00e4m\u00e4t\u00f6nt\u00e4 tietoa rekister\u00f6idyilt\u00e4. Jokaisella rekister\u00f6idyll\u00e4 on oikeus omaan tietoon ja siihen kuka tietoa on k\u00e4sitellyt, oikeus tietojen oikaisemiseen, oikeus tulla unohdetuksi, ellei tietojen s\u00e4ilytt\u00e4miseen ole laillista perustetta. Rekister\u00f6idyll\u00e4 on oikeus saada tieto omiin tietoihin kohdistuneesta tietomurrosta. Rekister\u00f6idyll\u00e4 on oikeus saada selvitys omista tiedoistaan kuukauden sis\u00e4ll\u00e4 pyynn\u00f6st\u00e4. Rekister\u00f6idyll\u00e4 on oikeus tehd\u00e4 valitus valvontaviranomaiselle, mik\u00e4li katsotaan henkil\u00f6tietoja k\u00e4sitellyn virheellisesti.<\/div><div>\u00a0<\/div><div>\u00a0<\/div><div>\u00a0<\/div>\t\t\t\t\t\t\t\t<\/div>\n\t\t\t\t<\/div>\n\t\t\t\t\t<\/div>\n\t\t\t\t<\/div>\n\t\t\t\t<\/div>","protected":false},"excerpt":{"rendered":"<p>T\u00e4ss\u00e4 tietosuojaselosteessa on kuvattu, miten Grus Grus teatteri ry:ss\u00e4 k\u00e4sitell\u00e4\u00e4n henkil\u00f6tietoja. Henkil\u00f6tiedolla tarkoitetaan sellaista tietoa, josta yksitt\u00e4inen henkil\u00f6 on suoraan tai ep\u00e4suoraan tunnistettavissa. K\u00e4sittelemme henkil\u00f6tietoja EU:n tietosuoja-asetuksen mukaisesti. Henkil\u00f6tiedosta k\u00e4ytet\u00e4\u00e4n t\u00e4ss\u00e4 tietosuojaselosteessa my\u00f6hemmin sanaa \u201dk\u00e4ytt\u00e4j\u00e4\u201d. K\u00e4yt\u00e4mme ev\u00e4steit\u00e4 varmistaaksemme sivustomme toimivuuden. Jatkamalla sivuston k\u00e4ytt\u00f6\u00e4 hyv\u00e4ksyt&#8230;<\/p>","protected":false},"author":4,"featured_media":0,"parent":0,"menu_order":0,"comment_status":"closed","ping_status":"closed","template":"","meta":{"footnotes":""},"class_list":["post-3530","page","type-page","status-publish","hentry"],"meta_box":[],"_links":{"self":[{"href":"https:\/\/grusgrus.fi\/sv\/wp-json\/wp\/v2\/pages\/3530","targetHints":{"allow":["GET"]}}],"collection":[{"href":"https:\/\/grusgrus.fi\/sv\/wp-json\/wp\/v2\/pages"}],"about":[{"href":"https:\/\/grusgrus.fi\/sv\/wp-json\/wp\/v2\/types\/page"}],"author":[{"embeddable":true,"href":"https:\/\/grusgrus.fi\/sv\/wp-json\/wp\/v2\/users\/4"}],"replies":[{"embeddable":true,"href":"https:\/\/grusgrus.fi\/sv\/wp-json\/wp\/v2\/comments?post=3530"}],"version-history":[{"count":3,"href":"https:\/\/grusgrus.fi\/sv\/wp-json\/wp\/v2\/pages\/3530\/revisions"}],"predecessor-version":[{"id":3533,"href":"https:\/\/grusgrus.fi\/sv\/wp-json\/wp\/v2\/pages\/3530\/revisions\/3533"}],"wp:attachment":[{"href":"https:\/\/grusgrus.fi\/sv\/wp-json\/wp\/v2\/media?parent=3530"}],"curies":[{"name":"wp","href":"https:\/\/api.w.org\/{rel}","templated":true}]}}