{"id":4915,"date":"2025-06-12T19:55:09","date_gmt":"2025-06-12T19:55:09","guid":{"rendered":"https:\/\/grusgrus.fi\/?page_id=4915"},"modified":"2026-02-12T08:34:05","modified_gmt":"2026-02-12T08:34:05","slug":"podcast-kiitorata","status":"publish","type":"page","link":"https:\/\/grusgrus.fi\/en\/podcast-kiitorata\/","title":{"rendered":"Podcast-kiitorata"},"content":{"rendered":"<div data-elementor-type=\"wp-page\" data-elementor-id=\"4915\" class=\"elementor elementor-4915\" data-elementor-post-type=\"page\">\n\t\t\t\t<div class=\"elementor-element elementor-element-c9a67c1 e-con-full e-flex e-con e-parent\" data-id=\"c9a67c1\" data-element_type=\"container\">\n\t\t\t\t<div class=\"elementor-element elementor-element-eae386f elementor-widget elementor-widget-travol-sec-title\" data-id=\"eae386f\" data-element_type=\"widget\" data-widget_type=\"travol-sec-title.default\">\n\t\t\t\t<div class=\"elementor-widget-container\">\n\t\t\t\t\t\t\t<div class=\"about text-left\">\n\t\t\t\t\t\t            <h2 class=\"section-title\">Kiitorata <span><\/h2>\n\t\t\t\t\t<\/div>\n\t\t\t\t\t\t<\/div>\n\t\t\t\t<\/div>\n\t\t\t\t<div class=\"elementor-element elementor-element-f8f12c0 elementor-widget elementor-widget-image\" data-id=\"f8f12c0\" data-element_type=\"widget\" data-widget_type=\"image.default\">\n\t\t\t\t<div class=\"elementor-widget-container\">\n\t\t\t\t\t\t\t\t\t\t\t\t\t\t\t<img fetchpriority=\"high\" decoding=\"async\" width=\"900\" height=\"324\" src=\"https:\/\/grusgrus.fi\/wp-content\/uploads\/2025\/06\/Kiitorata-1024x369.png\" class=\"attachment-large size-large wp-image-4928\" alt=\"\" srcset=\"https:\/\/grusgrus.fi\/wp-content\/uploads\/2025\/06\/Kiitorata-1024x369.png 1024w, https:\/\/grusgrus.fi\/wp-content\/uploads\/2025\/06\/Kiitorata-300x108.png 300w, https:\/\/grusgrus.fi\/wp-content\/uploads\/2025\/06\/Kiitorata-768x276.png 768w, https:\/\/grusgrus.fi\/wp-content\/uploads\/2025\/06\/Kiitorata-18x6.png 18w, https:\/\/grusgrus.fi\/wp-content\/uploads\/2025\/06\/Kiitorata.png 1200w\" sizes=\"(max-width: 900px) 100vw, 900px\" \/>\t\t\t\t\t\t\t\t\t\t\t\t\t\t\t<\/div>\n\t\t\t\t<\/div>\n\t\t\t\t<div class=\"elementor-element elementor-element-e949e30 elementor-widget elementor-widget-text-editor\" data-id=\"e949e30\" data-element_type=\"widget\" data-widget_type=\"text-editor.default\">\n\t\t\t\t<div class=\"elementor-widget-container\">\n\t\t\t\t\t\t\t\t\t<p><strong>Kiitorata<\/strong> on Henkisen lentoyhti\u00f6n Grus Grus Teatterin podcast, jossa jokaisessa jaksossa esitell\u00e4\u00e4n yksi taiteilija matkallaan kohti esityst\u00e4. Mit\u00e4 h\u00e4n pakkaa mukaansa? Mitk\u00e4 ovat jokaisen taiteilijan passi ja hammasharja? Tervetuloa l\u00e4pivalaisemaan Grus Grus Teatterin kauden esitysten matkalaukut.<\/p>\t\t\t\t\t\t\t\t<\/div>\n\t\t\t\t<\/div>\n\t\t\t\t<\/div>\n\t\t<div class=\"elementor-element elementor-element-b4ff153 e-flex e-con-boxed e-con e-parent\" data-id=\"b4ff153\" data-element_type=\"container\">\n\t\t\t\t\t<div class=\"e-con-inner\">\n\t\t<div class=\"elementor-element elementor-element-a2c27b7 e-con-full e-flex e-con e-child\" data-id=\"a2c27b7\" data-element_type=\"container\">\n\t\t\t\t<div class=\"elementor-element elementor-element-8621892 elementor-widget elementor-widget-html\" data-id=\"8621892\" data-element_type=\"widget\" data-widget_type=\"html.default\">\n\t\t\t\t<div class=\"elementor-widget-container\">\n\t\t\t\t\t<iframe width=\"560\" height=\"315\" data-src=\"https:\/\/www.youtube.com\/embed\/OQ2MbFB4kJs?si=kuf5RbJayqYD4GuP\" title=\"YouTube video player\" frameborder=\"0\" allow=\"accelerometer; autoplay; clipboard-write; encrypted-media; gyroscope; picture-in-picture; web-share\" referrerpolicy=\"strict-origin-when-cross-origin\" allowfullscreen src=\"data:image\/svg+xml;base64,PHN2ZyB3aWR0aD0iMSIgaGVpZ2h0PSIxIiB4bWxucz0iaHR0cDovL3d3dy53My5vcmcvMjAwMC9zdmciPjwvc3ZnPg==\" class=\"lazyload\" data-load-mode=\"1\"><\/iframe>\t\t\t\t<\/div>\n\t\t\t\t<\/div>\n\t\t\t\t<div class=\"elementor-element elementor-element-7574b5a elementor-widget elementor-widget-text-editor\" data-id=\"7574b5a\" data-element_type=\"widget\" data-widget_type=\"text-editor.default\">\n\t\t\t\t<div class=\"elementor-widget-container\">\n\t\t\t\t\t\t\t\t\t<p><br \/><span style=\"color: #003366;\">Kiitorata -podcastin traileri\u00a0<\/span><\/p>\t\t\t\t\t\t\t\t<\/div>\n\t\t\t\t<\/div>\n\t\t\t\t<\/div>\n\t\t<div class=\"elementor-element elementor-element-9f89988 e-con-full e-flex e-con e-child\" data-id=\"9f89988\" data-element_type=\"container\">\n\t\t\t\t<div class=\"elementor-element elementor-element-3842e74 elementor-widget elementor-widget-html\" data-id=\"3842e74\" data-element_type=\"widget\" data-widget_type=\"html.default\">\n\t\t\t\t<div class=\"elementor-widget-container\">\n\t\t\t\t\t<iframe width=\"560\" height=\"315\" data-src=\"https:\/\/www.youtube.com\/embed\/5AvJmovSyCw?si=3bMZYCJUD3ThP_nb\" title=\"YouTube video player\" frameborder=\"0\" allow=\"accelerometer; autoplay; clipboard-write; encrypted-media; gyroscope; picture-in-picture; web-share\" referrerpolicy=\"strict-origin-when-cross-origin\" allowfullscreen src=\"data:image\/svg+xml;base64,PHN2ZyB3aWR0aD0iMSIgaGVpZ2h0PSIxIiB4bWxucz0iaHR0cDovL3d3dy53My5vcmcvMjAwMC9zdmciPjwvc3ZnPg==\" class=\"lazyload\" data-load-mode=\"1\"><\/iframe>\t\t\t\t<\/div>\n\t\t\t\t<\/div>\n\t\t\t\t<div class=\"elementor-element elementor-element-99f7227 elementor-widget elementor-widget-text-editor\" data-id=\"99f7227\" data-element_type=\"widget\" data-widget_type=\"text-editor.default\">\n\t\t\t\t<div class=\"elementor-widget-container\">\n\t\t\t\t\t\t\t\t\t<p><span style=\"color: #003366;\">Marja Kangas ja<br \/>identiteettien kaavut<\/span><\/p>\t\t\t\t\t\t\t\t<\/div>\n\t\t\t\t<\/div>\n\t\t\t\t<div class=\"elementor-element elementor-element-36f0080 elementor-widget elementor-widget-text-editor\" data-id=\"36f0080\" data-element_type=\"widget\" data-widget_type=\"text-editor.default\">\n\t\t\t\t<div class=\"elementor-widget-container\">\n\t\t\t\t\t\t\t\t\t<p style=\"text-align: left;\">Grus Grus Teatterin taiteilija Marja Kangas vastaa tiukkiin taideturvatarkastuskysymyksiin ja kertoo dramaturgin ty\u00f6st\u00e4\u00e4n kauden esitysten parissa<\/p>\t\t\t\t\t\t\t\t<\/div>\n\t\t\t\t<\/div>\n\t\t\t\t<\/div>\n\t\t<div class=\"elementor-element elementor-element-d591b28 e-con-full e-flex e-con e-child\" data-id=\"d591b28\" data-element_type=\"container\">\n\t\t\t\t<div class=\"elementor-element elementor-element-efc7a18 elementor-widget elementor-widget-html\" data-id=\"efc7a18\" data-element_type=\"widget\" data-widget_type=\"html.default\">\n\t\t\t\t<div class=\"elementor-widget-container\">\n\t\t\t\t\t<iframe width=\"560\" height=\"315\" data-src=\"https:\/\/www.youtube.com\/embed\/0vyFyMUkeAY?si=Bu7gBkz7zRFHfECY\" title=\"YouTube video player\" frameborder=\"0\" allow=\"accelerometer; autoplay; clipboard-write; encrypted-media; gyroscope; picture-in-picture; web-share\" referrerpolicy=\"strict-origin-when-cross-origin\" allowfullscreen src=\"data:image\/svg+xml;base64,PHN2ZyB3aWR0aD0iMSIgaGVpZ2h0PSIxIiB4bWxucz0iaHR0cDovL3d3dy53My5vcmcvMjAwMC9zdmciPjwvc3ZnPg==\" class=\"lazyload\" data-load-mode=\"1\"><\/iframe>\t\t\t\t<\/div>\n\t\t\t\t<\/div>\n\t\t\t\t<div class=\"elementor-element elementor-element-57ea7ed elementor-widget elementor-widget-text-editor\" data-id=\"57ea7ed\" data-element_type=\"widget\" data-widget_type=\"text-editor.default\">\n\t\t\t\t<div class=\"elementor-widget-container\">\n\t\t\t\t\t\t\t\t\t<p><span style=\"color: #003366;\">Valtteri Alanen ja<br \/><span style=\"font-weight: 400;\">norsun v\u00e4r\u00e4htely posliinikaupassa<\/span><br \/><\/span><\/p>\t\t\t\t\t\t\t\t<\/div>\n\t\t\t\t<\/div>\n\t\t\t\t<div class=\"elementor-element elementor-element-bf959e0 elementor-widget elementor-widget-text-editor\" data-id=\"bf959e0\" data-element_type=\"widget\" data-widget_type=\"text-editor.default\">\n\t\t\t\t<div class=\"elementor-widget-container\">\n\t\t\t\t\t\t\t\t\t<p style=\"text-align: left;\"><span style=\"font-weight: 400;\">Grus Grus Teatterin taiteilija Valtteri Alanen kertoo matkasta nukketeatterista esineteatterin kautta \u00e4\u00e4nisuunnitteluun<\/span><\/p>\t\t\t\t\t\t\t\t<\/div>\n\t\t\t\t<\/div>\n\t\t\t\t<\/div>\n\t\t<div class=\"elementor-element elementor-element-93c0808 e-con-full e-flex e-con e-child\" data-id=\"93c0808\" data-element_type=\"container\">\n\t\t\t\t<div class=\"elementor-element elementor-element-06aa73e elementor-widget elementor-widget-html\" data-id=\"06aa73e\" data-element_type=\"widget\" data-widget_type=\"html.default\">\n\t\t\t\t<div class=\"elementor-widget-container\">\n\t\t\t\t\t<iframe width=\"560\" height=\"315\" data-src=\"https:\/\/www.youtube.com\/embed\/PNHf3IAPSmU?si=U-byHFUMS7Aq8ueg\" title=\"YouTube video player\" frameborder=\"0\" allow=\"accelerometer; autoplay; clipboard-write; encrypted-media; gyroscope; picture-in-picture; web-share\" referrerpolicy=\"strict-origin-when-cross-origin\" allowfullscreen src=\"data:image\/svg+xml;base64,PHN2ZyB3aWR0aD0iMSIgaGVpZ2h0PSIxIiB4bWxucz0iaHR0cDovL3d3dy53My5vcmcvMjAwMC9zdmciPjwvc3ZnPg==\" class=\"lazyload\" data-load-mode=\"1\"><\/iframe>\t\t\t\t<\/div>\n\t\t\t\t<\/div>\n\t\t\t\t<div class=\"elementor-element elementor-element-f5c3aac elementor-widget elementor-widget-text-editor\" data-id=\"f5c3aac\" data-element_type=\"widget\" data-widget_type=\"text-editor.default\">\n\t\t\t\t<div class=\"elementor-widget-container\">\n\t\t\t\t\t\t\t\t\t<p><span style=\"color: #003366;\"><span style=\"font-weight: 400;\">Seija-Leena Salo ja pime\u00e4 todellisuus<\/span><\/span><\/p>\t\t\t\t\t\t\t\t<\/div>\n\t\t\t\t<\/div>\n\t\t\t\t<div class=\"elementor-element elementor-element-db718e5 elementor-widget elementor-widget-text-editor\" data-id=\"db718e5\" data-element_type=\"widget\" data-widget_type=\"text-editor.default\">\n\t\t\t\t<div class=\"elementor-widget-container\">\n\t\t\t\t\t\t\t\t\t<p style=\"text-align: left;\"><span style=\"font-weight: 400;\">Grus Grus Teatterin taiteilija Seija-Leena Salo pohtii el\u00e4m\u00e4n ja kuoleman, katastrofien sek\u00e4 juhlien kysymykset ja vastaukset<\/span><\/p>\t\t\t\t\t\t\t\t<\/div>\n\t\t\t\t<\/div>\n\t\t\t\t<\/div>\n\t\t<div class=\"elementor-element elementor-element-191ebc4 e-con-full e-flex e-con e-child\" data-id=\"191ebc4\" data-element_type=\"container\">\n\t\t\t\t<div class=\"elementor-element elementor-element-2c2dc47 elementor-widget elementor-widget-html\" data-id=\"2c2dc47\" data-element_type=\"widget\" data-widget_type=\"html.default\">\n\t\t\t\t<div class=\"elementor-widget-container\">\n\t\t\t\t\t<iframe width=\"560\" height=\"315\" data-src=\"https:\/\/www.youtube.com\/embed\/36TUGMYuifI?si=7Yqbx0RtftcYbsqy\" title=\"YouTube video player\" frameborder=\"0\" allow=\"accelerometer; autoplay; clipboard-write; encrypted-media; gyroscope; picture-in-picture; web-share\" referrerpolicy=\"strict-origin-when-cross-origin\" allowfullscreen src=\"data:image\/svg+xml;base64,PHN2ZyB3aWR0aD0iMSIgaGVpZ2h0PSIxIiB4bWxucz0iaHR0cDovL3d3dy53My5vcmcvMjAwMC9zdmciPjwvc3ZnPg==\" class=\"lazyload\" data-load-mode=\"1\"><\/iframe>\t\t\t\t<\/div>\n\t\t\t\t<\/div>\n\t\t\t\t<div class=\"elementor-element elementor-element-1fbfbe5 elementor-widget elementor-widget-text-editor\" data-id=\"1fbfbe5\" data-element_type=\"widget\" data-widget_type=\"text-editor.default\">\n\t\t\t\t<div class=\"elementor-widget-container\">\n\t\t\t\t\t\t\t\t\t<p><span style=\"font-weight: 400;\">Marjan Raar och den politiska spagaten mellan Iran, Finland och Nederl\u00e4nderna<\/span><\/p>\t\t\t\t\t\t\t\t<\/div>\n\t\t\t\t<\/div>\n\t\t\t\t<div class=\"elementor-element elementor-element-151a944 elementor-widget elementor-widget-text-editor\" data-id=\"151a944\" data-element_type=\"widget\" data-widget_type=\"text-editor.default\">\n\t\t\t\t<div class=\"elementor-widget-container\">\n\t\t\t\t\t\t\t\t\t<p style=\"text-align: left;\"><span style=\"font-weight: 400;\">Grus Grus Teaters konstn\u00e4r Marjan Raar ber\u00e4ttar historien bakom det nya Sista minuten-f\u00f6rest\u00e4llningen Tripping<\/span><\/p>\t\t\t\t\t\t\t\t<\/div>\n\t\t\t\t<\/div>\n\t\t\t\t<\/div>\n\t\t<div class=\"elementor-element elementor-element-5db1f58 e-con-full e-flex e-con e-child\" data-id=\"5db1f58\" data-element_type=\"container\">\n\t\t\t\t<div class=\"elementor-element elementor-element-be0edb8 elementor-widget elementor-widget-html\" data-id=\"be0edb8\" data-element_type=\"widget\" data-widget_type=\"html.default\">\n\t\t\t\t<div class=\"elementor-widget-container\">\n\t\t\t\t\t<iframe width=\"560\" height=\"315\" data-src=\"https:\/\/www.youtube.com\/embed\/isnBYn3WA-4?si=uBFax9ZZ4eSCvn8l\" title=\"YouTube video player\" frameborder=\"0\" allow=\"accelerometer; autoplay; clipboard-write; encrypted-media; gyroscope; picture-in-picture; web-share\" referrerpolicy=\"strict-origin-when-cross-origin\" allowfullscreen src=\"data:image\/svg+xml;base64,PHN2ZyB3aWR0aD0iMSIgaGVpZ2h0PSIxIiB4bWxucz0iaHR0cDovL3d3dy53My5vcmcvMjAwMC9zdmciPjwvc3ZnPg==\" class=\"lazyload\" data-load-mode=\"1\"><\/iframe>\t\t\t\t<\/div>\n\t\t\t\t<\/div>\n\t\t\t\t<div class=\"elementor-element elementor-element-ba31e8b elementor-widget elementor-widget-text-editor\" data-id=\"ba31e8b\" data-element_type=\"widget\" data-widget_type=\"text-editor.default\">\n\t\t\t\t<div class=\"elementor-widget-container\">\n\t\t\t\t\t\t\t\t\t<p><span style=\"font-weight: 400;\">Egle Simenaite and the non-chair, non-table<\/span><\/p>\t\t\t\t\t\t\t\t<\/div>\n\t\t\t\t<\/div>\n\t\t\t\t<div class=\"elementor-element elementor-element-9e7cdf3 elementor-widget elementor-widget-text-editor\" data-id=\"9e7cdf3\" data-element_type=\"widget\" data-widget_type=\"text-editor.default\">\n\t\t\t\t<div class=\"elementor-widget-container\">\n\t\t\t\t\t\t\t\t\t<p style=\"text-align: left;\"><span style=\"font-weight: 400;\">Grus Grus Theater\u2019s artist Egle Simenaite talks about activating capabilities and experiences beyond everyday life, light and things<\/span><\/p>\t\t\t\t\t\t\t\t<\/div>\n\t\t\t\t<\/div>\n\t\t\t\t<\/div>\n\t\t<div class=\"elementor-element elementor-element-27157c5 e-con-full e-flex e-con e-child\" data-id=\"27157c5\" data-element_type=\"container\">\n\t\t\t\t<div class=\"elementor-element elementor-element-f8216f9 elementor-widget elementor-widget-html\" data-id=\"f8216f9\" data-element_type=\"widget\" data-widget_type=\"html.default\">\n\t\t\t\t<div class=\"elementor-widget-container\">\n\t\t\t\t\t<iframe width=\"560\" height=\"315\" data-src=\"https:\/\/www.youtube.com\/embed\/KTdbejKhc7A?si=f8R83c8zPw9yQnlf\" title=\"YouTube video player\" frameborder=\"0\" allow=\"accelerometer; autoplay; clipboard-write; encrypted-media; gyroscope; picture-in-picture; web-share\" referrerpolicy=\"strict-origin-when-cross-origin\" allowfullscreen src=\"data:image\/svg+xml;base64,PHN2ZyB3aWR0aD0iMSIgaGVpZ2h0PSIxIiB4bWxucz0iaHR0cDovL3d3dy53My5vcmcvMjAwMC9zdmciPjwvc3ZnPg==\" class=\"lazyload\" data-load-mode=\"1\"><\/iframe>\t\t\t\t<\/div>\n\t\t\t\t<\/div>\n\t\t\t\t<div class=\"elementor-element elementor-element-e4ba847 elementor-widget elementor-widget-text-editor\" data-id=\"e4ba847\" data-element_type=\"widget\" data-widget_type=\"text-editor.default\">\n\t\t\t\t<div class=\"elementor-widget-container\">\n\t\t\t\t\t\t\t\t\t<p><span style=\"font-weight: 400;\">Johanna Latvala ja tuntemattoman palveluksessa oleminen<\/span><\/p>\t\t\t\t\t\t\t\t<\/div>\n\t\t\t\t<\/div>\n\t\t\t\t<div class=\"elementor-element elementor-element-772af8d elementor-widget elementor-widget-text-editor\" data-id=\"772af8d\" data-element_type=\"widget\" data-widget_type=\"text-editor.default\">\n\t\t\t\t<div class=\"elementor-widget-container\">\n\t\t\t\t\t\t\t\t\t<p style=\"text-align: left;\"><span style=\"font-weight: 400;\">Grus Grus Teatterin taiteilija Johanna Latvala kertoo kartoittamattomista teist\u00e4 tilan ja kaaoksen risteyksiss\u00e4<\/span><\/p>\t\t\t\t\t\t\t\t<\/div>\n\t\t\t\t<\/div>\n\t\t\t\t<\/div>\n\t\t<div class=\"elementor-element elementor-element-2a2a51f e-con-full e-flex e-con e-child\" data-id=\"2a2a51f\" data-element_type=\"container\">\n\t\t\t\t<div class=\"elementor-element elementor-element-24d4568 elementor-widget elementor-widget-html\" data-id=\"24d4568\" data-element_type=\"widget\" data-widget_type=\"html.default\">\n\t\t\t\t<div class=\"elementor-widget-container\">\n\t\t\t\t\t<iframe width=\"560\" height=\"315\" data-src=\"https:\/\/www.youtube.com\/embed\/RHQGJMoP2fg?si=bwHghBQR7kyoIQl9\" title=\"YouTube video player\" frameborder=\"0\" allow=\"accelerometer; autoplay; clipboard-write; encrypted-media; gyroscope; picture-in-picture; web-share\" referrerpolicy=\"strict-origin-when-cross-origin\" allowfullscreen src=\"data:image\/svg+xml;base64,PHN2ZyB3aWR0aD0iMSIgaGVpZ2h0PSIxIiB4bWxucz0iaHR0cDovL3d3dy53My5vcmcvMjAwMC9zdmciPjwvc3ZnPg==\" class=\"lazyload\" data-load-mode=\"1\"><\/iframe>\t\t\t\t<\/div>\n\t\t\t\t<\/div>\n\t\t\t\t<div class=\"elementor-element elementor-element-4c02c68 elementor-widget elementor-widget-text-editor\" data-id=\"4c02c68\" data-element_type=\"widget\" data-widget_type=\"text-editor.default\">\n\t\t\t\t<div class=\"elementor-widget-container\">\n\t\t\t\t\t\t\t\t\t<p><span style=\"font-weight: 400;\">Aati Hanikka ja uteliaisuuden ty\u00f6kalupakki<\/span><\/p>\t\t\t\t\t\t\t\t<\/div>\n\t\t\t\t<\/div>\n\t\t\t\t<div class=\"elementor-element elementor-element-33f522b elementor-widget elementor-widget-text-editor\" data-id=\"33f522b\" data-element_type=\"widget\" data-widget_type=\"text-editor.default\">\n\t\t\t\t<div class=\"elementor-widget-container\">\n\t\t\t\t\t\t\t\t\t<p style=\"text-align: left;\"><span style=\"font-weight: 400;\">Grus Grus Teatterin taiteilija Aati Hanikka kertoo nykynukketeatterin pinnan alla liikkuvista ajatuksista ja aistimuksista, muuntuvasta ajantajusta ja jopa katsojakoralliriutasta<\/span><\/p>\t\t\t\t\t\t\t\t<\/div>\n\t\t\t\t<\/div>\n\t\t\t\t<\/div>\n\t\t<div class=\"elementor-element elementor-element-10a5840 e-con-full e-flex e-con e-child\" data-id=\"10a5840\" data-element_type=\"container\">\n\t\t\t\t<div class=\"elementor-element elementor-element-880159a elementor-widget elementor-widget-html\" data-id=\"880159a\" data-element_type=\"widget\" data-widget_type=\"html.default\">\n\t\t\t\t<div class=\"elementor-widget-container\">\n\t\t\t\t\t<iframe width=\"560\" height=\"315\" data-src=\"https:\/\/www.youtube.com\/embed\/FZChX4nyNM8?si=zrT68UK8sXzCjQrY\" title=\"YouTube video player\" frameborder=\"0\" allow=\"accelerometer; autoplay; clipboard-write; encrypted-media; gyroscope; picture-in-picture; web-share\" referrerpolicy=\"strict-origin-when-cross-origin\" allowfullscreen src=\"data:image\/svg+xml;base64,PHN2ZyB3aWR0aD0iMSIgaGVpZ2h0PSIxIiB4bWxucz0iaHR0cDovL3d3dy53My5vcmcvMjAwMC9zdmciPjwvc3ZnPg==\" class=\"lazyload\" data-load-mode=\"1\"><\/iframe>\t\t\t\t<\/div>\n\t\t\t\t<\/div>\n\t\t\t\t<div class=\"elementor-element elementor-element-5ddad38 elementor-widget elementor-widget-text-editor\" data-id=\"5ddad38\" data-element_type=\"widget\" data-widget_type=\"text-editor.default\">\n\t\t\t\t<div class=\"elementor-widget-container\">\n\t\t\t\t\t\t\t\t\t<p><span style=\"font-weight: 400;\">Satu Hakam\u00e4ki ja valta, suostumus sek\u00e4 neuvottelut elottomien kanssa<\/span><\/p>\t\t\t\t\t\t\t\t<\/div>\n\t\t\t\t<\/div>\n\t\t\t\t<div class=\"elementor-element elementor-element-d253520 elementor-widget elementor-widget-text-editor\" data-id=\"d253520\" data-element_type=\"widget\" data-widget_type=\"text-editor.default\">\n\t\t\t\t<div class=\"elementor-widget-container\">\n\t\t\t\t\t\t\t\t\t<p style=\"text-align: left;\"><span style=\"font-weight: 400;\">Grus Grus Teatterin taiteilija Satu Hakam\u00e4ki kertoo ihmisist\u00e4 jotka ovat t\u00f6iss\u00e4 esinein\u00e4, ja esineiden ty\u00f6ehtosopimuksista<\/span><\/p>\t\t\t\t\t\t\t\t<\/div>\n\t\t\t\t<\/div>\n\t\t\t\t<\/div>\n\t\t<div class=\"elementor-element elementor-element-bd2b254 e-con-full e-flex e-con e-child\" data-id=\"bd2b254\" data-element_type=\"container\">\n\t\t\t\t<div class=\"elementor-element elementor-element-67c721a elementor-widget elementor-widget-html\" data-id=\"67c721a\" data-element_type=\"widget\" data-widget_type=\"html.default\">\n\t\t\t\t<div class=\"elementor-widget-container\">\n\t\t\t\t\t<iframe width=\"560\" height=\"315\" data-src=\"https:\/\/www.youtube.com\/embed\/HhZ4FVSoPQg?si=5EGsjcUqRn-Jh6Ms\" title=\"YouTube video player\" frameborder=\"0\" allow=\"accelerometer; autoplay; clipboard-write; encrypted-media; gyroscope; picture-in-picture; web-share\" referrerpolicy=\"strict-origin-when-cross-origin\" allowfullscreen src=\"data:image\/svg+xml;base64,PHN2ZyB3aWR0aD0iMSIgaGVpZ2h0PSIxIiB4bWxucz0iaHR0cDovL3d3dy53My5vcmcvMjAwMC9zdmciPjwvc3ZnPg==\" class=\"lazyload\" data-load-mode=\"1\"><\/iframe>\t\t\t\t<\/div>\n\t\t\t\t<\/div>\n\t\t\t\t<div class=\"elementor-element elementor-element-1c6f658 elementor-widget elementor-widget-text-editor\" data-id=\"1c6f658\" data-element_type=\"widget\" data-widget_type=\"text-editor.default\">\n\t\t\t\t<div class=\"elementor-widget-container\">\n\t\t\t\t\t\t\t\t\t<p>Sandrina Lindgren och det koreografiska snickeriarbetet<\/p>\t\t\t\t\t\t\t\t<\/div>\n\t\t\t\t<\/div>\n\t\t\t\t<div class=\"elementor-element elementor-element-0671fcf elementor-widget elementor-widget-text-editor\" data-id=\"0671fcf\" data-element_type=\"widget\" data-widget_type=\"text-editor.default\">\n\t\t\t\t<div class=\"elementor-widget-container\">\n\t\t\t\t\t\t\t\t\t<p style=\"text-align: left;\">Grus Grus Teaters konstn\u00e4r Sandrina Lindgren ber\u00e4ttar om att f\u00f6rem\u00e5la m\u00e4nniskor i sin kommande f\u00f6rest\u00e4llning Elohuone<\/p>\t\t\t\t\t\t\t\t<\/div>\n\t\t\t\t<\/div>\n\t\t\t\t<\/div>\n\t\t\t\t\t<\/div>\n\t\t\t\t<\/div>\n\t\t\t\t<\/div>","protected":false},"excerpt":{"rendered":"<p>Kiitorata Kiitorata on Henkisen lentoyhti\u00f6n Grus Grus Teatterin podcast, jossa jokaisessa jaksossa esitell\u00e4\u00e4n yksi taiteilija matkallaan kohti esityst\u00e4. Mit\u00e4 h\u00e4n pakkaa mukaansa? Mitk\u00e4 ovat jokaisen taiteilijan passi ja hammasharja? Tervetuloa l\u00e4pivalaisemaan Grus Grus Teatterin kauden esitysten matkalaukut. Kiitorata -podcastin traileri\u00a0 Marja Kangas jaidentiteettien kaavut&#8230;<\/p>","protected":false},"author":4,"featured_media":4928,"parent":0,"menu_order":0,"comment_status":"closed","ping_status":"closed","template":"","meta":{"footnotes":""},"class_list":["post-4915","page","type-page","status-publish","has-post-thumbnail","hentry"],"meta_box":[],"_links":{"self":[{"href":"https:\/\/grusgrus.fi\/en\/wp-json\/wp\/v2\/pages\/4915","targetHints":{"allow":["GET"]}}],"collection":[{"href":"https:\/\/grusgrus.fi\/en\/wp-json\/wp\/v2\/pages"}],"about":[{"href":"https:\/\/grusgrus.fi\/en\/wp-json\/wp\/v2\/types\/page"}],"author":[{"embeddable":true,"href":"https:\/\/grusgrus.fi\/en\/wp-json\/wp\/v2\/users\/4"}],"replies":[{"embeddable":true,"href":"https:\/\/grusgrus.fi\/en\/wp-json\/wp\/v2\/comments?post=4915"}],"version-history":[{"count":86,"href":"https:\/\/grusgrus.fi\/en\/wp-json\/wp\/v2\/pages\/4915\/revisions"}],"predecessor-version":[{"id":5822,"href":"https:\/\/grusgrus.fi\/en\/wp-json\/wp\/v2\/pages\/4915\/revisions\/5822"}],"wp:featuredmedia":[{"embeddable":true,"href":"https:\/\/grusgrus.fi\/en\/wp-json\/wp\/v2\/media\/4928"}],"wp:attachment":[{"href":"https:\/\/grusgrus.fi\/en\/wp-json\/wp\/v2\/media?parent=4915"}],"curies":[{"name":"wp","href":"https:\/\/api.w.org\/{rel}","templated":true}]}}