{"id":3500,"date":"2024-12-28T09:02:44","date_gmt":"2024-12-28T09:02:44","guid":{"rendered":"https:\/\/grusgrus.fi\/?page_id=3500"},"modified":"2026-01-07T11:57:36","modified_gmt":"2026-01-07T11:57:36","slug":"vastuullisuus","status":"publish","type":"page","link":"https:\/\/grusgrus.fi\/en\/vastuullisuus\/","title":{"rendered":"Social responsibility"},"content":{"rendered":"<div data-elementor-type=\"wp-page\" data-elementor-id=\"3500\" class=\"elementor elementor-3500\" data-elementor-post-type=\"page\">\n\t\t\t\t<div class=\"elementor-element elementor-element-7b7213e e-flex e-con-boxed e-con e-parent\" data-id=\"7b7213e\" data-element_type=\"container\">\n\t\t\t\t\t<div class=\"e-con-inner\">\n\t\t<div class=\"elementor-element elementor-element-0fb7c6b e-con-full e-flex e-con e-child\" data-id=\"0fb7c6b\" data-element_type=\"container\">\n\t\t<div class=\"elementor-element elementor-element-8807906 e-con-full e-flex e-con e-child\" data-id=\"8807906\" data-element_type=\"container\">\n\t\t\t\t<div class=\"elementor-element elementor-element-1680ec3 elementor-widget elementor-widget-text-editor\" data-id=\"1680ec3\" data-element_type=\"widget\" data-widget_type=\"text-editor.default\">\n\t\t\t\t<div class=\"elementor-widget-container\">\n\t\t\t\t\t\t\t\t\t<p>T\u00e4lt\u00e4 sivulta l\u00f6yd\u00e4t lis\u00e4tietoa Teatterin vastuullisuudesta.\u00a0<br \/><strong>\u00a0<br \/>Grus Grus Teatterin Turvallisemman tilan periaatteet<br \/><a href=\"https:\/\/grusgrus.fi\/wp-content\/uploads\/2026\/01\/Vastuullisuussuunnitelma-Grus-Grus-Teatteri-tiivistelma.pdf\">Grus Grus Teatterin vastuullisuussuunnitelman<\/a><span style=\"text-decoration: underline;\"><a href=\"https:\/\/grusgrus.fi\/wp-content\/uploads\/2026\/01\/Vastuullisuussuunnitelma-Grus-Grus-Teatteri-tiivistelma.pdf\"> tiivistelm\u00e4<\/a><\/span>\u00a0<br \/>Grus Grus Teatteri on Apartheid vapaa<br \/><\/strong><\/p>\t\t\t\t\t\t\t\t<\/div>\n\t\t\t\t<\/div>\n\t\t\t\t<div class=\"elementor-element elementor-element-bb64eda elementor-widget-divider--separator-type-pattern elementor-widget-divider--no-spacing elementor-widget-divider--view-line elementor-widget elementor-widget-divider\" data-id=\"bb64eda\" data-element_type=\"widget\" data-widget_type=\"divider.default\">\n\t\t\t\t<div class=\"elementor-widget-container\">\n\t\t\t\t\t\t\t<div class=\"elementor-divider\" style=\"--divider-pattern-url: url(&quot;data:image\/svg+xml,%3Csvg xmlns=&#039;http:\/\/www.w3.org\/2000\/svg&#039; preserveAspectRatio=&#039;xMidYMid meet&#039; overflow=&#039;visible&#039; height=&#039;100%&#039; viewBox=&#039;0 0 126 26&#039; fill=&#039;black&#039; stroke=&#039;none&#039;%3E%3Cpath d=&#039;M10.7,6l2.5,2.6l-4,4.3l4,5.4l-2.5,1.9l-4.5-5.2l-3.9,4.2L0.7,17L4,13.1L0,8.6l2.3-1.3l3.9,3.9L10.7,6z M23.9,6.6l4.2,4.5L32,7.2l2.3,1.3l-4,4.5l3.2,3.9L32,19.1l-3.9-3.3l-4.5,4.3l-2.5-1.9l4.4-5.1l-4.2-3.9L23.9,6.6zM73.5,6L76,8.6l-4,4.3l4,5.4l-2.5,1.9l-4.5-5.2l-3.9,4.2L63.5,17l4.1-4.7L63.5,8l2.3-1.3l4.1,3.6L73.5,6z M94,6l2.5,2.6l-4,4.3l4,5.4L94,20.1l-3.9-5l-3.9,4.2L84,17l3.2-3.9L84,8.6l2.3-1.3l3.2,3.9L94,6z M106.9,6l4.5,5.1l3.9-3.9l2.3,1.3l-4,4.5l3.2,3.9l-1.6,2.1l-3.9-4.2l-4.5,5.2l-2.5-1.9l4-5.4l-4-4.3L106.9,6z M53.1,6l2.5,2.6l-4,4.3l4,4.6l-2.5,1.9l-4.5-4.5l-3.5,4.5L43.1,17l3.2-3.9l-4-4.5l2.3-1.3l3.9,3.9L53.1,6z&#039;\/%3E%3C\/svg%3E&quot;);\">\n\t\t\t<span class=\"elementor-divider-separator\">\n\t\t\t\t\t\t<\/span>\n\t\t<\/div>\n\t\t\t\t\t\t<\/div>\n\t\t\t\t<\/div>\n\t\t\t\t<\/div>\n\t\t\t\t<\/div>\n\t\t\t\t<div class=\"elementor-element elementor-element-e891601 elementor-widget elementor-widget-heading\" data-id=\"e891601\" data-element_type=\"widget\" data-widget_type=\"heading.default\">\n\t\t\t\t<div class=\"elementor-widget-container\">\n\t\t\t\t\t<h2 class=\"elementor-heading-title elementor-size-default\">Grus Grus Teatterin turvallisemman tilan ja toiminnan periaatteet \n<\/h2>\t\t\t\t<\/div>\n\t\t\t\t<\/div>\n\t\t\t\t<div class=\"elementor-element elementor-element-d4bfd11 elementor-widget elementor-widget-text-editor\" data-id=\"d4bfd11\" data-element_type=\"widget\" data-widget_type=\"text-editor.default\">\n\t\t\t\t<div class=\"elementor-widget-container\">\n\t\t\t\t\t\t\t\t\t<div><span style=\"text-align: var(--text-align); background-color: var(--bs-body-bg); color: #1b1b1b;\">1. Emme hyv\u00e4ksy toiminnassamme syrjiv\u00e4\u00e4 k\u00e4yt\u00f6st\u00e4: esimerkiksi rasismia, seksismi\u00e4, seksuaali- ja sukupuoliv\u00e4hemmist\u00f6ihin kohdistuvaa syrjint\u00e4\u00e4, homo- ja transfobiaa, ableismia, ahdistelua, kiusaamista tai h\u00e4irint\u00e4\u00e4.&nbsp;<\/span><\/div>\n<div>2. Kohtele kaikkia yhdenvertaisesti. \u00c4l\u00e4 oleta muiden toimintakyky\u00e4, varallisuutta, taustaa, sukupuolta tai seksuaalisuutta. Grus Grus Teatteri on sitoutunut yhdenvertaisuuden edist\u00e4miseen.<\/div>\n<div>3. Kunnioita ja kuuntele. Kunnioita fyysisi\u00e4 ja henkisi\u00e4 rajoja.&nbsp;<\/div>\n<div>4. Ota vastuu omasta toiminnasta, hyv\u00e4ksy virheet ja erimielisyydet, pyyd\u00e4 anteeksi.<\/div>\n<div><p>5. Tiedosta omat etuoikeudet, valta-asema ja ennakkoasenteet<\/p>\n<\/div>\n<div><p class=\"translation-block\">Edellyt\u00e4mme n\u00e4ihin periaatteisiin sitoutumista my\u00f6s yhteisty\u00f6kumppaneiltamme, henkil\u00f6kunnaltamme ja taiteilijoiltamme. Sitoudumme ottamaan ilmoitukset ja ep\u00e4ilyt syrjinn\u00e4st\u00e4 tai h\u00e4irinn\u00e4st\u00e4 vakavasti. <br>Otamme mielell\u00e4mme vastaan kehitysehdotuksia ja ajatuksia toiminnastamme ja viestinn\u00e4st\u00e4mme.<\/p>\n<\/div>\n<div class=\"translation-block\">Teatterimme h\u00e4irint\u00e4yhdyshenkil\u00f6n\u00e4 toimii toiminnanjohtaja Sanna Soni. Voit olla h\u00e4neen yhteydess\u00e4 luottamuksellisesti hyvin pienist\u00e4kin asioista: <a href=\"mailto:sanna.soni@grusgrus.fi\" target=\"_self\">sanna.soni@grusgrus.fi&nbsp;<\/a><\/div>\t\t\t\t\t\t\t\t<\/div>\n\t\t\t\t<\/div>\n\t\t\t\t<div class=\"elementor-element elementor-element-f0bb706 elementor-widget-divider--separator-type-pattern elementor-widget-divider--no-spacing elementor-widget-divider--view-line elementor-widget elementor-widget-divider\" data-id=\"f0bb706\" data-element_type=\"widget\" data-widget_type=\"divider.default\">\n\t\t\t\t<div class=\"elementor-widget-container\">\n\t\t\t\t\t\t\t<div class=\"elementor-divider\" style=\"--divider-pattern-url: url(&quot;data:image\/svg+xml,%3Csvg xmlns=&#039;http:\/\/www.w3.org\/2000\/svg&#039; preserveAspectRatio=&#039;xMidYMid meet&#039; overflow=&#039;visible&#039; height=&#039;100%&#039; viewBox=&#039;0 0 126 26&#039; fill=&#039;black&#039; stroke=&#039;none&#039;%3E%3Cpath d=&#039;M10.7,6l2.5,2.6l-4,4.3l4,5.4l-2.5,1.9l-4.5-5.2l-3.9,4.2L0.7,17L4,13.1L0,8.6l2.3-1.3l3.9,3.9L10.7,6z M23.9,6.6l4.2,4.5L32,7.2l2.3,1.3l-4,4.5l3.2,3.9L32,19.1l-3.9-3.3l-4.5,4.3l-2.5-1.9l4.4-5.1l-4.2-3.9L23.9,6.6zM73.5,6L76,8.6l-4,4.3l4,5.4l-2.5,1.9l-4.5-5.2l-3.9,4.2L63.5,17l4.1-4.7L63.5,8l2.3-1.3l4.1,3.6L73.5,6z M94,6l2.5,2.6l-4,4.3l4,5.4L94,20.1l-3.9-5l-3.9,4.2L84,17l3.2-3.9L84,8.6l2.3-1.3l3.2,3.9L94,6z M106.9,6l4.5,5.1l3.9-3.9l2.3,1.3l-4,4.5l3.2,3.9l-1.6,2.1l-3.9-4.2l-4.5,5.2l-2.5-1.9l4-5.4l-4-4.3L106.9,6z M53.1,6l2.5,2.6l-4,4.3l4,4.6l-2.5,1.9l-4.5-4.5l-3.5,4.5L43.1,17l3.2-3.9l-4-4.5l2.3-1.3l3.9,3.9L53.1,6z&#039;\/%3E%3C\/svg%3E&quot;);\">\n\t\t\t<span class=\"elementor-divider-separator\">\n\t\t\t\t\t\t<\/span>\n\t\t<\/div>\n\t\t\t\t\t\t<\/div>\n\t\t\t\t<\/div>\n\t\t\t\t<div class=\"elementor-element elementor-element-4bd83c9 elementor-widget elementor-widget-image\" data-id=\"4bd83c9\" data-element_type=\"widget\" data-widget_type=\"image.default\">\n\t\t\t\t<div class=\"elementor-widget-container\">\n\t\t\t\t\t\t\t\t\t\t\t\t\t\t\t<img fetchpriority=\"high\" decoding=\"async\" width=\"300\" height=\"169\" src=\"https:\/\/grusgrus.fi\/wp-content\/uploads\/2025\/09\/BDS_fin_web2b-300x169.png\" class=\"attachment-medium size-medium wp-image-5366\" alt=\"\" srcset=\"https:\/\/grusgrus.fi\/wp-content\/uploads\/2025\/09\/BDS_fin_web2b-300x169.png 300w, https:\/\/grusgrus.fi\/wp-content\/uploads\/2025\/09\/BDS_fin_web2b-1024x576.png 1024w, https:\/\/grusgrus.fi\/wp-content\/uploads\/2025\/09\/BDS_fin_web2b-768x432.png 768w, https:\/\/grusgrus.fi\/wp-content\/uploads\/2025\/09\/BDS_fin_web2b-1536x864.png 1536w, https:\/\/grusgrus.fi\/wp-content\/uploads\/2025\/09\/BDS_fin_web2b-2048x1152.png 2048w, https:\/\/grusgrus.fi\/wp-content\/uploads\/2025\/09\/BDS_fin_web2b-18x10.png 18w\" sizes=\"(max-width: 300px) 100vw, 300px\" \/>\t\t\t\t\t\t\t\t\t\t\t\t\t\t\t<\/div>\n\t\t\t\t<\/div>\n\t\t\t\t<div class=\"elementor-element elementor-element-2edbeff elementor-widget elementor-widget-heading\" data-id=\"2edbeff\" data-element_type=\"widget\" data-widget_type=\"heading.default\">\n\t\t\t\t<div class=\"elementor-widget-container\">\n\t\t\t\t\t<h2 class=\"elementor-heading-title elementor-size-default\"><span style=\"font-size: 30.911px\">Grus Grus Teatteri on nyt Apartheidista vapaa alue (Apartheid Free Zone \u2013 AFZ)\n<\/span><\/h2>\t\t\t\t<\/div>\n\t\t\t\t<\/div>\n\t\t\t\t<div class=\"elementor-element elementor-element-74c5ee8 elementor-widget elementor-widget-text-editor\" data-id=\"74c5ee8\" data-element_type=\"widget\" data-widget_type=\"text-editor.default\">\n\t\t\t\t<div class=\"elementor-widget-container\">\n\t\t\t\t\t\t\t\t\t<p>Sitoudumme kansainv\u00e4lisen BDS-liikkeen kohdennettuihin boikotteihin ja tuemme palestiinalaisten kamppailua ihmisoikeuksien, tasa-arvon ja vapauden puolesta.\u00a0<\/p><p>Toimimme aktiivisesti sen puolesta, ett\u00e4 maailmassa on v\u00e4hemm\u00e4n rasismia, syrjint\u00e4\u00e4 ja sortoa.<\/p><p>Emme halua olla tehd\u00e4 yhteisty\u00f6t\u00e4 toimijoiden kanssa tai olla osana toiminnassa, joka normalisoi Israelin tekemi\u00e4 sotarikoksia tai palestiinalaisten j\u00e4rjestelm\u00e4llist\u00e4 syrjint\u00e4\u00e4 ja sortoa yll\u00e4pit\u00e4v\u00e4\u00e4 apartheid-hallintoa. T\u00e4m\u00e4n vuoksi emme ole mukana j\u00e4rjest\u00e4jin\u00e4 tai osallistujina sellaisissa tapahtumissa, jotka ovat Israelin hallituksen, julkisten instituutioiden tai lobbausryhmien tukemia tai j\u00e4rjest\u00e4mi\u00e4. Emme ota vastaan rahoitusta t\u00e4llaisilta tahoilta.\u00a0<\/p><p>Kannustamme ja toivomme ett\u00e4 muut taide-ja kulttuurialan toimijat l\u00e4htev\u00e4t my\u00f6s mukaan BDS liikkeen toimintaan!!<\/p><p>Siet\u00e4m\u00e4t\u00f6n ja lohdutun tilanne jatkuu edelleen. Meill\u00e4 on \u00e4\u00e4ni, jota k\u00e4ytet\u00e4\u00e4n nyt. Hiljaa oleminen on my\u00f6s kannanotto.<\/p><p>Lue lis\u00e4\u00e4 kampanjasta: www.sumud.fi<br \/>Lue lis\u00e4\u00e4 kulttuurisesta boikotista: <a href=\"https:\/\/finlandagainstapartheid.com\/\">https:\/\/finlandagainstapartheid.com\/\u00a0<\/a><\/p>\t\t\t\t\t\t\t\t<\/div>\n\t\t\t\t<\/div>\n\t\t\t\t\t<\/div>\n\t\t\t\t<\/div>\n\t\t\t\t<\/div>","protected":false},"excerpt":{"rendered":"<p>T\u00e4lt\u00e4 sivulta l\u00f6yd\u00e4t lis\u00e4tietoa Teatterin vastuullisuudesta.\u00a0\u00a0Grus Grus Teatterin Turvallisemman tilan periaatteetGrus Grus Teatterin vastuullisuussuunnitelman tiivistelm\u00e4\u00a0Grus Grus Teatteri on Apartheid vapaa Grus Grus Teatterin turvallisemman tilan ja toiminnan periaatteet 1. Emme hyv\u00e4ksy toiminnassamme syrjiv\u00e4\u00e4 k\u00e4yt\u00f6st\u00e4: esimerkiksi rasismia, seksismi\u00e4, seksuaali- ja sukupuoliv\u00e4hemmist\u00f6ihin kohdistuvaa syrjint\u00e4\u00e4, homo- ja&#8230;<\/p>","protected":false},"author":4,"featured_media":5371,"parent":0,"menu_order":0,"comment_status":"closed","ping_status":"closed","template":"","meta":{"footnotes":""},"class_list":["post-3500","page","type-page","status-publish","has-post-thumbnail","hentry"],"meta_box":[],"_links":{"self":[{"href":"https:\/\/grusgrus.fi\/en\/wp-json\/wp\/v2\/pages\/3500","targetHints":{"allow":["GET"]}}],"collection":[{"href":"https:\/\/grusgrus.fi\/en\/wp-json\/wp\/v2\/pages"}],"about":[{"href":"https:\/\/grusgrus.fi\/en\/wp-json\/wp\/v2\/types\/page"}],"author":[{"embeddable":true,"href":"https:\/\/grusgrus.fi\/en\/wp-json\/wp\/v2\/users\/4"}],"replies":[{"embeddable":true,"href":"https:\/\/grusgrus.fi\/en\/wp-json\/wp\/v2\/comments?post=3500"}],"version-history":[{"count":35,"href":"https:\/\/grusgrus.fi\/en\/wp-json\/wp\/v2\/pages\/3500\/revisions"}],"predecessor-version":[{"id":5711,"href":"https:\/\/grusgrus.fi\/en\/wp-json\/wp\/v2\/pages\/3500\/revisions\/5711"}],"wp:featuredmedia":[{"embeddable":true,"href":"https:\/\/grusgrus.fi\/en\/wp-json\/wp\/v2\/media\/5371"}],"wp:attachment":[{"href":"https:\/\/grusgrus.fi\/en\/wp-json\/wp\/v2\/media?parent=3500"}],"curies":[{"name":"wp","href":"https:\/\/api.w.org\/{rel}","templated":true}]}}