{"id":3070,"date":"2024-06-25T08:39:37","date_gmt":"2024-06-25T08:39:37","guid":{"rendered":"https:\/\/grusgrus.fi\/?page_id=3070"},"modified":"2025-06-16T11:34:27","modified_gmt":"2025-06-16T11:34:27","slug":"menneet","status":"publish","type":"page","link":"https:\/\/grusgrus.fi\/en\/menneet\/","title":{"rendered":"Past works"},"content":{"rendered":"<div data-elementor-type=\"wp-page\" data-elementor-id=\"3070\" class=\"elementor elementor-3070\" data-elementor-post-type=\"page\">\n\t\t\t\t\t\t<section class=\"elementor-section elementor-top-section elementor-element elementor-element-9d671b5 elementor-section-full_width elementor-section-height-default elementor-section-height-default\" data-id=\"9d671b5\" data-element_type=\"section\">\n\t\t\t\t\t\t<div class=\"elementor-container elementor-column-gap-no\">\n\t\t\t\t\t<div class=\"elementor-column elementor-col-100 elementor-top-column elementor-element elementor-element-438b262\" data-id=\"438b262\" data-element_type=\"column\">\n\t\t\t<div class=\"elementor-widget-wrap elementor-element-populated\">\n\t\t\t\t\t\t<div class=\"elementor-element elementor-element-1478162 elementor-widget elementor-widget-travol-banner-slider\" data-id=\"1478162\" data-element_type=\"widget\" data-widget_type=\"travol-banner-slider.default\">\n\t\t\t\t<div class=\"elementor-widget-container\">\n\t\t\t\t\t\t\t<!-- Slider -->\n\t\t<header class=\"header slider-fade\">\n\t\t\t<div class=\"owl-carousel owl-theme\" data-rtl=\"false\" data-carousel-autoplay=\"true\"  data-carousel-timeout=\"5000\"  data-carousel-dots=\"true\" data-carousel-dots-mobile=\"true\">\n\t\t\t\t<!-- The opacity on the image is made with \"data-overlay-dark=\"number\". You can change it using the numbers 0-9. -->\n\t\t\t\t\t\t\t\t\t\t\t\t<div class=\"text-center item bg-img bg-img-c\" data-overlay-dark=\"6\" data-background=\"https:\/\/grusgrus.fi\/wp-content\/uploads\/2024\/02\/Pisara-verkkosivu_Virkkumaa-Jussi.jpg\" data-position=\"\">\n\t\t\t\t\t<div class=\"v-middle caption\">\n\t\t\t\t\t\t<div class=\"container\">\n\t\t\t\t\t\t\t<div class=\"row\">\n\t\t\t\t\t\t\t\t<div class=\"col-md-10 offset-md-1\">\n\t\t\t\t\t\t\t\t\t\t\t\t\t\t\t\t\t\t\t\t\t\t\t\t\t\t\t<h1 class=\"tl-header-banner-title\">past journeys <span><\/span><\/h1>\n\t\t\t\t\t\t\t\t\t\t\t\t\t\t\t\t\t\t\t\t\t\t\t\t\t\t<\/div>\n\t\t\t\t\t\t\t<\/div>\n\t\t\t\t\t\t<\/div>\n\t\t\t\t\t<\/div>\n\t\t\t\t<\/div>\n\t\t\t\t\t\t\t\t\t\t\t\t\t\t\t\t<div class=\"text-center item bg-img bg-img-c\" data-overlay-dark=\"6\" data-background=\"https:\/\/grusgrus.fi\/wp-content\/uploads\/2024\/02\/9.-The-40_s_Jussi-Virkkumaa-scaled.jpg\" data-position=\"\">\n\t\t\t\t\t<div class=\"v-middle caption\">\n\t\t\t\t\t\t<div class=\"container\">\n\t\t\t\t\t\t\t<div class=\"row\">\n\t\t\t\t\t\t\t\t<div class=\"col-md-10 offset-md-1\">\n\t\t\t\t\t\t\t\t\t\t\t\t\t\t\t\t\t\t\t\t\t\t\t\t\t\t\t<h1 class=\"tl-header-banner-title\">past journeys <span><\/span><\/h1>\n\t\t\t\t\t\t\t\t\t\t\t\t\t\t\t\t\t\t\t\t\t\t\t\t\t\t<\/div>\n\t\t\t\t\t\t\t<\/div>\n\t\t\t\t\t\t<\/div>\n\t\t\t\t\t<\/div>\n\t\t\t\t<\/div>\n\t\t\t\t\t\t\t\t\t\t\t\t\n\t\t\t<\/div>\n\t\t<\/header>\n\t\t\t\t\t\t<\/div>\n\t\t\t\t<\/div>\n\t\t\t\t\t<\/div>\n\t\t<\/div>\n\t\t\t\t\t<\/div>\n\t\t<\/section>\n\t\t\t\t<section class=\"elementor-section elementor-top-section elementor-element elementor-element-667a3919 elementor-section-boxed elementor-section-height-default elementor-section-height-default\" data-id=\"667a3919\" data-element_type=\"section\" data-settings=\"{&quot;background_background&quot;:&quot;classic&quot;}\">\n\t\t\t\t\t\t<div class=\"elementor-container elementor-column-gap-narrow\">\n\t\t\t\t\t<div class=\"elementor-column elementor-col-100 elementor-top-column elementor-element elementor-element-1d0ca140\" data-id=\"1d0ca140\" data-element_type=\"column\">\n\t\t\t<div class=\"elementor-widget-wrap elementor-element-populated\">\n\t\t\t\t\t\t<div class=\"elementor-section elementor-inner-section elementor-element elementor-element-42b7dc0 elementor-section-full_width elementor-section-height-default elementor-section-height-default\" data-id=\"42b7dc0\" data-element_type=\"section\">\n\t\t\t\t\t\t<div class=\"elementor-container elementor-column-gap-default\">\n\t\t\t\t\t<div class=\"elementor-column elementor-col-100 elementor-inner-column elementor-element elementor-element-845628c\" data-id=\"845628c\" data-element_type=\"column\">\n\t\t\t<div class=\"elementor-widget-wrap elementor-element-populated\">\n\t\t\t\t\t\t<div class=\"elementor-element elementor-element-9634dea elementor-widget elementor-widget-travol-sec-title\" data-id=\"9634dea\" data-element_type=\"widget\" data-widget_type=\"travol-sec-title.default\">\n\t\t\t\t<div class=\"elementor-widget-container\">\n\t\t\t\t\t\t\t<div class=\"about text-left\">\n\t\t\t\t\t\t            <h2 class=\"section-title\">past journeys <span><\/span><\/h2>\n\t\t\t\t\t<\/div>\n\t\t\t\t\t\t<\/div>\n\t\t\t\t<\/div>\n\t\t\t\t<div class=\"elementor-element elementor-element-cb18a7b elementor-widget elementor-widget-travol-tour-flip-box\" data-id=\"cb18a7b\" data-element_type=\"widget\" data-widget_type=\"travol-tour-flip-box.default\">\n\t\t\t\t<div class=\"elementor-widget-container\">\n\t\t\t\t\t\t\t<div class=\"tours3\">\n\t\t<div class=\"container-after-flip-box\">\n\t\t\t\t\t\t<div class=\"row isotope-items-wrap  no-hide-last loadmore-wrapper-flip\" data-load-item=\"10000000\" data-button-text=\"Load More\">\n\t\t\t\t\t\t\t\t<div class=\"col-md-4 isotope-item\">\n                    <div class=\"square-flip\">\n                        <div class=\"square bg-img bg-img-d\" data-background=\"https:\/\/grusgrus.fi\/wp-content\/uploads\/2024\/09\/Puoliaika1920x1005.jpg\"> <span class=\"category\"><a><\/a><\/span>\n                            <div class=\"square-container d-flex align-items-end justify-content-end\">\n                                <div class=\"box-title\">\n                                    <h4>Puoliaika &#8211; viitt\u00e4 vaille suomalainen<\/h4>\n                                                                    <\/div>\n                            <\/div>\n                            <div class=\"flip-overlay\"><\/div>\n                        <\/div>\n                        <div class=\"square2 bg-white\">\n                            <div class=\"square-container2\">\n                                <h4>Puoliaika &#8211; viitt\u00e4 vaille suomalainen<\/h4>\n\t\t\t\t\t\t\t\t                                                                <div class=\"row tour-list mb-30\">\n                                                                        <div class=\"col col-md-6\">\n                                        <ul>\n                                                                                                                                <\/ul>\n                                    <\/div>\n                                <\/div>\n                                <div class=\"btn-line\"><a href=\"https:\/\/grusgrus.fi\/en\/tour\/puoliaika-viitta-vaille-suomalainen\/\">Tour details<\/a><\/div>\n                            <\/div>\n                        <\/div>\n                    <\/div>\n                <\/div>\n\t\t\t\t\t\t\t\t<div class=\"col-md-4 isotope-item\">\n                    <div class=\"square-flip\">\n                        <div class=\"square bg-img bg-img-d\" data-background=\"https:\/\/grusgrus.fi\/wp-content\/uploads\/2024\/02\/Pisara-verkkosivu_Virkkumaa-Jussi.jpg\"> <span class=\"category\"><a><\/a><\/span>\n                            <div class=\"square-container d-flex align-items-end justify-content-end\">\n                                <div class=\"box-title\">\n                                    <h4>Viimeinen pisara<\/h4>\n                                                                    <\/div>\n                            <\/div>\n                            <div class=\"flip-overlay\"><\/div>\n                        <\/div>\n                        <div class=\"square2 bg-white\">\n                            <div class=\"square-container2\">\n                                <h4>Viimeinen pisara<\/h4>\n\t\t\t\t\t\t\t\t                                                                <div class=\"row tour-list mb-30\">\n                                                                        <div class=\"col col-md-6\">\n                                        <ul>\n                                                                                                                                <\/ul>\n                                    <\/div>\n                                <\/div>\n                                <div class=\"btn-line\"><a href=\"https:\/\/grusgrus.fi\/en\/tour\/viimeinen-pisara\/\">Tour details<\/a><\/div>\n                            <\/div>\n                        <\/div>\n                    <\/div>\n                <\/div>\n\t\t\t\t\t\t\t\t<div class=\"col-md-4 isotope-item\">\n                    <div class=\"square-flip\">\n                        <div class=\"square bg-img bg-img-d\" data-background=\"https:\/\/grusgrus.fi\/wp-content\/uploads\/2024\/02\/Perasta-kuuluu_Virkkumaa-Jussi6-scaled.jpg\"> <span class=\"category\"><a><\/a><\/span>\n                            <div class=\"square-container d-flex align-items-end justify-content-end\">\n                                <div class=\"box-title\">\n                                    <h4>Per\u00e4st\u00e4 kuuluu<\/h4>\n                                                                    <\/div>\n                            <\/div>\n                            <div class=\"flip-overlay\"><\/div>\n                        <\/div>\n                        <div class=\"square2 bg-white\">\n                            <div class=\"square-container2\">\n                                <h4>Per\u00e4st\u00e4 kuuluu<\/h4>\n\t\t\t\t\t\t\t\t                                                                <div class=\"row tour-list mb-30\">\n                                                                        <div class=\"col col-md-6\">\n                                        <ul>\n                                                                                                                                <\/ul>\n                                    <\/div>\n                                <\/div>\n                                <div class=\"btn-line\"><a href=\"https:\/\/grusgrus.fi\/en\/tour\/perasta-kuuluu\/\">Tour details<\/a><\/div>\n                            <\/div>\n                        <\/div>\n                    <\/div>\n                <\/div>\n\t\t\t\t\t\t\t\t<div class=\"col-md-4 isotope-item\">\n                    <div class=\"square-flip\">\n                        <div class=\"square bg-img bg-img-d\" data-background=\"https:\/\/grusgrus.fi\/wp-content\/uploads\/2024\/02\/Ennuste_Pressi_2-scaled.jpg\"> <span class=\"category\"><a><\/a><\/span>\n                            <div class=\"square-container d-flex align-items-end justify-content-end\">\n                                <div class=\"box-title\">\n                                    <h4>Ennuste, negatiivinen<\/h4>\n                                                                    <\/div>\n                            <\/div>\n                            <div class=\"flip-overlay\"><\/div>\n                        <\/div>\n                        <div class=\"square2 bg-white\">\n                            <div class=\"square-container2\">\n                                <h4>Ennuste, negatiivinen<\/h4>\n\t\t\t\t\t\t\t\t                                                                <div class=\"row tour-list mb-30\">\n                                                                        <div class=\"col col-md-6\">\n                                        <ul>\n                                                                                                                                <\/ul>\n                                    <\/div>\n                                <\/div>\n                                <div class=\"btn-line\"><a href=\"https:\/\/grusgrus.fi\/en\/tour\/ennuste-negatiivinen\/\">Tour details<\/a><\/div>\n                            <\/div>\n                        <\/div>\n                    <\/div>\n                <\/div>\n\t\t\t\t\t\t\t\t<div class=\"col-md-4 isotope-item\">\n                    <div class=\"square-flip\">\n                        <div class=\"square bg-img bg-img-d\" data-background=\"https:\/\/grusgrus.fi\/wp-content\/uploads\/2024\/02\/Hugo-Simbergin-siivet_2007.jpg\"> <span class=\"category\"><a><\/a><\/span>\n                            <div class=\"square-container d-flex align-items-end justify-content-end\">\n                                <div class=\"box-title\">\n                                    <h4>Hugo Simbergin siivet<\/h4>\n                                                                    <\/div>\n                            <\/div>\n                            <div class=\"flip-overlay\"><\/div>\n                        <\/div>\n                        <div class=\"square2 bg-white\">\n                            <div class=\"square-container2\">\n                                <h4>Hugo Simbergin siivet<\/h4>\n\t\t\t\t\t\t\t\t                                                                <div class=\"row tour-list mb-30\">\n                                                                        <div class=\"col col-md-6\">\n                                        <ul>\n                                                                                                                                <\/ul>\n                                    <\/div>\n                                <\/div>\n                                <div class=\"btn-line\"><a href=\"https:\/\/grusgrus.fi\/en\/tour\/hugo-simbergin-siivet\/\">Tour details<\/a><\/div>\n                            <\/div>\n                        <\/div>\n                    <\/div>\n                <\/div>\n\t\t\t\t\t\t\t\t<div class=\"col-md-4 isotope-item\">\n                    <div class=\"square-flip\">\n                        <div class=\"square bg-img bg-img-d\" data-background=\"https:\/\/grusgrus.fi\/wp-content\/uploads\/2024\/02\/10.-The-50_s_Jussi-Virkkumaa-scaled.jpg\"> <span class=\"category\"><a><\/a><\/span>\n                            <div class=\"square-container d-flex align-items-end justify-content-end\">\n                                <div class=\"box-title\">\n                                    <h4>V\u00e4ist\u00e4m\u00e4t\u00f6n \u2013 Oundviklig<\/h4>\n                                                                    <\/div>\n                            <\/div>\n                            <div class=\"flip-overlay\"><\/div>\n                        <\/div>\n                        <div class=\"square2 bg-white\">\n                            <div class=\"square-container2\">\n                                <h4>V\u00e4ist\u00e4m\u00e4t\u00f6n \u2013 Oundviklig<\/h4>\n\t\t\t\t\t\t\t\t                                                                <div class=\"row tour-list mb-30\">\n                                                                        <div class=\"col col-md-6\">\n                                        <ul>\n                                                                                                                                <\/ul>\n                                    <\/div>\n                                <\/div>\n                                <div class=\"btn-line\"><a href=\"https:\/\/grusgrus.fi\/en\/tour\/vaistamaton-oundviklig\/\">Tour details<\/a><\/div>\n                            <\/div>\n                        <\/div>\n                    <\/div>\n                <\/div>\n\t\t\t\t\t\t\t\t<div class=\"col-md-4 isotope-item\">\n                    <div class=\"square-flip\">\n                        <div class=\"square bg-img bg-img-d\" data-background=\"https:\/\/grusgrus.fi\/wp-content\/uploads\/2024\/02\/Sielunmessu-polynimurille_Virkkumaa-Jussi.jpg\"> <span class=\"category\"><a><\/a><\/span>\n                            <div class=\"square-container d-flex align-items-end justify-content-end\">\n                                <div class=\"box-title\">\n                                    <h4>Sielunmessu p\u00f6lynimurille<\/h4>\n                                                                    <\/div>\n                            <\/div>\n                            <div class=\"flip-overlay\"><\/div>\n                        <\/div>\n                        <div class=\"square2 bg-white\">\n                            <div class=\"square-container2\">\n                                <h4>Sielunmessu p\u00f6lynimurille<\/h4>\n\t\t\t\t\t\t\t\t                                                                <div class=\"row tour-list mb-30\">\n                                                                        <div class=\"col col-md-6\">\n                                        <ul>\n                                                                                                                                <\/ul>\n                                    <\/div>\n                                <\/div>\n                                <div class=\"btn-line\"><a href=\"https:\/\/grusgrus.fi\/en\/tour\/sielunmessu-polynimurille\/\">Tour details<\/a><\/div>\n                            <\/div>\n                        <\/div>\n                    <\/div>\n                <\/div>\n\t\t\t\t\t\t\t\t<div class=\"col-md-4 isotope-item\">\n                    <div class=\"square-flip\">\n                        <div class=\"square bg-img bg-img-d\" data-background=\"https:\/\/grusgrus.fi\/wp-content\/uploads\/2024\/02\/Uutiset_2018_-Rewan-Blackbor-scaled.jpg\"> <span class=\"category\"><a><\/a><\/span>\n                            <div class=\"square-container d-flex align-items-end justify-content-end\">\n                                <div class=\"box-title\">\n                                    <h4>Uutiset 2.0<\/h4>\n                                                                    <\/div>\n                            <\/div>\n                            <div class=\"flip-overlay\"><\/div>\n                        <\/div>\n                        <div class=\"square2 bg-white\">\n                            <div class=\"square-container2\">\n                                <h4>Uutiset 2.0<\/h4>\n\t\t\t\t\t\t\t\t                                                                <div class=\"row tour-list mb-30\">\n                                                                        <div class=\"col col-md-6\">\n                                        <ul>\n                                                                                                                                <\/ul>\n                                    <\/div>\n                                <\/div>\n                                <div class=\"btn-line\"><a href=\"https:\/\/grusgrus.fi\/en\/tour\/uutiset-2-0\/\">Tour details<\/a><\/div>\n                            <\/div>\n                        <\/div>\n                    <\/div>\n                <\/div>\n\t\t\t\t\t\t\t\t<div class=\"col-md-4 isotope-item\">\n                    <div class=\"square-flip\">\n                        <div class=\"square bg-img bg-img-d\" data-background=\"https:\/\/grusgrus.fi\/wp-content\/uploads\/2024\/02\/Hamlet_2016-Jussi-Virkkumaa.jpg\"> <span class=\"category\"><a><\/a><\/span>\n                            <div class=\"square-container d-flex align-items-end justify-content-end\">\n                                <div class=\"box-title\">\n                                    <h4>Hamlet, koko totuus<\/h4>\n                                                                    <\/div>\n                            <\/div>\n                            <div class=\"flip-overlay\"><\/div>\n                        <\/div>\n                        <div class=\"square2 bg-white\">\n                            <div class=\"square-container2\">\n                                <h4>Hamlet, koko totuus<\/h4>\n\t\t\t\t\t\t\t\t                                                                <div class=\"row tour-list mb-30\">\n                                                                        <div class=\"col col-md-6\">\n                                        <ul>\n                                                                                                                                <\/ul>\n                                    <\/div>\n                                <\/div>\n                                <div class=\"btn-line\"><a href=\"https:\/\/grusgrus.fi\/en\/tour\/hamlet-koko-totuus\/\">Tour details<\/a><\/div>\n                            <\/div>\n                        <\/div>\n                    <\/div>\n                <\/div>\n\t\t\t\t\t\n\t\t\t<\/div>\n\t\t<\/div>\n\t\t<\/div>\n\t\t\n\t\t\t\t\t\t<\/div>\n\t\t\t\t<\/div>\n\t\t\t\t\t<\/div>\n\t\t<\/div>\n\t\t\t\t\t<\/div>\n\t\t<\/div>\n\t\t\t\t\t<\/div>\n\t\t<\/div>\n\t\t\t\t\t<\/div>\n\t\t<\/section>\n\t\t\t\t<section class=\"elementor-section elementor-top-section elementor-element elementor-element-6c2dbeca elementor-section-full_width elementor-section-height-default elementor-section-height-default\" data-id=\"6c2dbeca\" data-element_type=\"section\" data-settings=\"{&quot;background_background&quot;:&quot;classic&quot;}\">\n\t\t\t\t\t\t\t<div class=\"elementor-background-overlay\"><\/div>\n\t\t\t\t\t\t\t<div class=\"elementor-container elementor-column-gap-no\">\n\t\t\t\t\t<div class=\"elementor-column elementor-col-100 elementor-top-column elementor-element elementor-element-6b4f268e\" data-id=\"6b4f268e\" data-element_type=\"column\">\n\t\t\t<div class=\"elementor-widget-wrap elementor-element-populated\">\n\t\t\t\t\t\t<section class=\"elementor-section elementor-inner-section elementor-element elementor-element-5ee79b78 elementor-section-boxed elementor-section-height-default elementor-section-height-default\" data-id=\"5ee79b78\" data-element_type=\"section\">\n\t\t\t\t\t\t<div class=\"elementor-container elementor-column-gap-default\">\n\t\t\t\t\t<div class=\"elementor-column elementor-col-33 elementor-inner-column elementor-element elementor-element-5ecabdd8\" data-id=\"5ecabdd8\" data-element_type=\"column\">\n\t\t\t<div class=\"elementor-widget-wrap elementor-element-populated\">\n\t\t\t\t\t\t<div class=\"elementor-element elementor-element-59e13fc8 elementor-widget elementor-widget-travol-number-counter\" data-id=\"59e13fc8\" data-element_type=\"widget\" data-widget_type=\"travol-number-counter.default\">\n\t\t\t\t<div class=\"elementor-widget-container\">\n\t\t\t\t\t\t\t<div class=\"numbers\">\n\t\t<div class=\"item text-center\"> <img decoding=\"async\" data-src=\"https:\/\/grusgrus.fi\/wp-content\/themes\/travol\/includes\/img\/arrow1.png\" class=\"tobotm lazyload\" alt=\"\" src=\"data:image\/svg+xml;base64,PHN2ZyB3aWR0aD0iMSIgaGVpZ2h0PSIxIiB4bWxucz0iaHR0cDovL3d3dy53My5vcmcvMjAwMC9zdmciPjwvc3ZnPg==\"> \t\t\t<span class=\"icon\">\n\t\t\t\t<i class=\"front flaticon-air-freight\"><\/i>\n\t\t\t\t<i class=\"back flaticon-air-freight\"><\/i>\n\t\t\t<\/span>\n            <h3 class=\"count\">61<\/h3>\n            <h6>Works <\/h6>\n        <\/div>\t\t\n\t\t<\/div>\n        \t\t\t\t<\/div>\n\t\t\t\t<\/div>\n\t\t\t\t\t<\/div>\n\t\t<\/div>\n\t\t\t\t<div class=\"elementor-column elementor-col-33 elementor-inner-column elementor-element elementor-element-3806221e\" data-id=\"3806221e\" data-element_type=\"column\">\n\t\t\t<div class=\"elementor-widget-wrap elementor-element-populated\">\n\t\t\t\t\t\t<div class=\"elementor-element elementor-element-570a0f76 elementor-widget elementor-widget-travol-number-counter\" data-id=\"570a0f76\" data-element_type=\"widget\" data-widget_type=\"travol-number-counter.default\">\n\t\t\t\t<div class=\"elementor-widget-container\">\n\t\t\t\t\t\t\t<div class=\"numbers\">\n\t\t<div class=\"item text-center\"> <img decoding=\"async\" data-src=\"https:\/\/grusgrus.fi\/wp-content\/themes\/travol\/includes\/img\/arrow1.png\" class=\"toup lazyload\" alt=\"\" src=\"data:image\/svg+xml;base64,PHN2ZyB3aWR0aD0iMSIgaGVpZ2h0PSIxIiB4bWxucz0iaHR0cDovL3d3dy53My5vcmcvMjAwMC9zdmciPjwvc3ZnPg==\"> \t\t\t<span class=\"icon\">\n\t\t\t\t<i class=\"front ti-map-alt\"><\/i>\n\t\t\t\t<i class=\"back ti-map-alt\"><\/i>\n\t\t\t<\/span>\n            <h3 class=\"count\">146<\/h3>\n            <h6>Locations<\/h6>\n        <\/div>\t\t\n\t\t<\/div>\n        \t\t\t\t<\/div>\n\t\t\t\t<\/div>\n\t\t\t\t\t<\/div>\n\t\t<\/div>\n\t\t\t\t<div class=\"elementor-column elementor-col-33 elementor-inner-column elementor-element elementor-element-7772e76a\" data-id=\"7772e76a\" data-element_type=\"column\">\n\t\t\t<div class=\"elementor-widget-wrap elementor-element-populated\">\n\t\t\t\t\t\t<div class=\"elementor-element elementor-element-353ec1bf elementor-widget elementor-widget-travol-number-counter\" data-id=\"353ec1bf\" data-element_type=\"widget\" data-widget_type=\"travol-number-counter.default\">\n\t\t\t\t<div class=\"elementor-widget-container\">\n\t\t\t\t\t\t\t<div class=\"numbers\">\n\t\t<div class=\"item text-center\"> \t\t\t<span class=\"icon\">\n\t\t\t\t<i class=\"front ti-time\"><\/i>\n\t\t\t\t<i class=\"back ti-time\"><\/i>\n\t\t\t<\/span>\n            <h3 class=\"count\"> 3 176 000<\/h3>\n            <h6>Minutes<\/h6>\n        <\/div>\t\t\n\t\t<\/div>\n        \t\t\t\t<\/div>\n\t\t\t\t<\/div>\n\t\t\t\t\t<\/div>\n\t\t<\/div>\n\t\t\t\t\t<\/div>\n\t\t<\/section>\n\t\t\t\t\t<\/div>\n\t\t<\/div>\n\t\t\t\t\t<\/div>\n\t\t<\/section>\n\t\t\t\t<\/div>","protected":false},"excerpt":{"rendered":"<p>Takapeiliss\u00e4 Takapeiliss\u00e4 Takapeiliss\u00e4 Puoliaika &#8211; viitt\u00e4 vaille suomalainen Puoliaika &#8211; viitt\u00e4 vaille suomalainen Tour details Viimeinen pisara Viimeinen pisara Tour details Per\u00e4st\u00e4 kuuluu Per\u00e4st\u00e4 kuuluu Tour details Ennuste, negatiivinen Ennuste, negatiivinen Tour details Hugo Simbergin siivet Hugo Simbergin siivet Tour details V\u00e4ist\u00e4m\u00e4t\u00f6n \u2013 Oundviklig&#8230;<\/p>","protected":false},"author":1,"featured_media":0,"parent":0,"menu_order":0,"comment_status":"closed","ping_status":"closed","template":"","meta":{"footnotes":""},"class_list":["post-3070","page","type-page","status-publish","hentry"],"meta_box":[],"_links":{"self":[{"href":"https:\/\/grusgrus.fi\/en\/wp-json\/wp\/v2\/pages\/3070","targetHints":{"allow":["GET"]}}],"collection":[{"href":"https:\/\/grusgrus.fi\/en\/wp-json\/wp\/v2\/pages"}],"about":[{"href":"https:\/\/grusgrus.fi\/en\/wp-json\/wp\/v2\/types\/page"}],"author":[{"embeddable":true,"href":"https:\/\/grusgrus.fi\/en\/wp-json\/wp\/v2\/users\/1"}],"replies":[{"embeddable":true,"href":"https:\/\/grusgrus.fi\/en\/wp-json\/wp\/v2\/comments?post=3070"}],"version-history":[{"count":17,"href":"https:\/\/grusgrus.fi\/en\/wp-json\/wp\/v2\/pages\/3070\/revisions"}],"predecessor-version":[{"id":5071,"href":"https:\/\/grusgrus.fi\/en\/wp-json\/wp\/v2\/pages\/3070\/revisions\/5071"}],"wp:attachment":[{"href":"https:\/\/grusgrus.fi\/en\/wp-json\/wp\/v2\/media?parent=3070"}],"curies":[{"name":"wp","href":"https:\/\/api.w.org\/{rel}","templated":true}]}}