{"id":220,"date":"2022-08-07T18:02:05","date_gmt":"2022-08-07T18:02:05","guid":{"rendered":"https:\/\/webredox.net\/demo\/wp\/travol\/?page_id=220"},"modified":"2025-10-07T11:19:00","modified_gmt":"2025-10-07T11:19:00","slug":"news","status":"publish","type":"page","link":"https:\/\/grusgrus.fi\/en\/news\/","title":{"rendered":"News"},"content":{"rendered":"<div data-elementor-type=\"wp-page\" data-elementor-id=\"220\" class=\"elementor elementor-220\" data-elementor-post-type=\"page\">\n\t\t\t\t<div class=\"elementor-element elementor-element-aae462c e-flex e-con-boxed e-con e-parent\" data-id=\"aae462c\" data-element_type=\"container\">\n\t\t\t\t\t<div class=\"e-con-inner\">\n\t\t\t\t<div class=\"elementor-element elementor-element-ae0f40e elementor-widget elementor-widget-spacer\" data-id=\"ae0f40e\" data-element_type=\"widget\" data-widget_type=\"spacer.default\">\n\t\t\t\t<div class=\"elementor-widget-container\">\n\t\t\t\t\t\t\t<div class=\"elementor-spacer\">\n\t\t\t<div class=\"elementor-spacer-inner\"><\/div>\n\t\t<\/div>\n\t\t\t\t\t\t<\/div>\n\t\t\t\t<\/div>\n\t\t\t\t<div class=\"elementor-element elementor-element-b202c06 elementor-button-info elementor-align-justify elementor-widget elementor-widget-button\" data-id=\"b202c06\" data-element_type=\"widget\" data-widget_type=\"button.default\">\n\t\t\t\t<div class=\"elementor-widget-container\">\n\t\t\t\t\t\t\t\t\t<div class=\"elementor-button-wrapper\">\n\t\t\t\t\t<a class=\"elementor-button elementor-button-link elementor-size-sm\" href=\"https:\/\/grusgrus.fi\/en\/uutiskirje\/\">\n\t\t\t\t\t\t<span class=\"elementor-button-content-wrapper\">\n\t\t\t\t\t\t\t\t\t<span class=\"elementor-button-text\">Uutiskirje ilmestyy 1-2 kertaa kuukaudessa. Liity postituslistalle t\u00e4st\u00e4! <\/span>\n\t\t\t\t\t<\/span>\n\t\t\t\t\t<\/a>\n\t\t\t\t<\/div>\n\t\t\t\t\t\t\t\t<\/div>\n\t\t\t\t<\/div>\n\t\t\t\t\t<\/div>\n\t\t\t\t<\/div>\n\t\t\t\t<section class=\"elementor-section elementor-top-section elementor-element elementor-element-3598b84 elementor-section-boxed elementor-section-height-default elementor-section-height-default\" data-id=\"3598b84\" data-element_type=\"section\">\n\t\t\t\t\t\t<div class=\"elementor-container elementor-column-gap-narrow\">\n\t\t\t\t\t<div class=\"elementor-column elementor-col-100 elementor-top-column elementor-element elementor-element-3276fb4\" data-id=\"3276fb4\" data-element_type=\"column\">\n\t\t\t<div class=\"elementor-widget-wrap elementor-element-populated\">\n\t\t\t\t\t\t<div class=\"elementor-element elementor-element-1ebfd3f elementor-widget elementor-widget-travol-blog-grid\" data-id=\"1ebfd3f\" data-element_type=\"widget\" data-widget_type=\"travol-blog-grid.default\">\n\t\t\t\t<div class=\"elementor-widget-container\">\n\t\t\t\t\t\t\t<div class=\"blog\">\r\n\t\t\t<div class=\"container-after-blog-grid\">\r\n\t\t\t\t\t\t\t\t<div class=\"row isotope-items-wrap  no-hide-last loadmore-wrapper-blog\" data-load-item=\"10000000\" data-button-text=\"Load More\">\r\n\t\t\t\t\t\t\t\t\t\t<div class=\"col-md-4 mb-30 isotope-item\">\r\n\t\t\t\t\t\t<div class=\"item\">\r\n\t\t\t\t\t\t\t<div class=\"position-re o-hidden position-re-order-blog\" > \r\n\t\t\t\t\t\t\t\t\t\t\t\t\t\t<div class=\"cd-pt-ab\">\r\n\t\t\t\t\t\t\t<img decoding=\"async\" data-src=\"https:\/\/grusgrus.fi\/wp-content\/uploads\/2025\/06\/VakkeSafari-vaaka-5505-scaled.jpg\" alt=\"HAVAINNOISTA YLEIS\u00d6N KOHTAAMISEEN\" src=\"data:image\/svg+xml;base64,PHN2ZyB3aWR0aD0iMSIgaGVpZ2h0PSIxIiB4bWxucz0iaHR0cDovL3d3dy53My5vcmcvMjAwMC9zdmciPjwvc3ZnPg==\" class=\"lazyload\" style=\"--smush-placeholder-width: 2560px; --smush-placeholder-aspect-ratio: 2560\/1707;\">\r\n\t\t\t\t\t\t\t<\/div>\r\n\t\t\t\t\t\t\t\t\t\t\t\t\t\t\t<div class=\"date\">\r\n\t\t\t\t\t\t\t\t\t<a href=\"https:\/\/grusgrus.fi\/en\/havainnoista-yleison-kohtaamiseen\/\"> <span>Jun<\/span> <i>27<\/i> <\/a>\r\n\t\t\t\t\t\t\t\t<\/div>\r\n\t\t\t\t\t\t\t<\/div>\r\n\t\t\t\t\t\t\t\t\t\t\t\t\t\t\t<div class=\"con\"> \r\n\t\t\t\t\t\t\t\t\t\t\t\t\t\t\t\t\t<span class=\"category\">\r\n\t\t\t\t\t\t\t\t\t\t\t\t\t\t\t\t\t\t\t<a href=\"https:\/\/grusgrus.fi\/en\/category\/blog\/\">Blog  <\/a>\r\n\t\t\t\t\t\t\t\t\t\t\t\t\t\t\t\t\t\t<\/span>\r\n\t\t\t\t\t\t\t\t\t\t\t\t\t\t\t\t\t<h5 class=\"tl-post-el-title\"><a href=\"https:\/\/grusgrus.fi\/en\/havainnoista-yleison-kohtaamiseen\/\">HAVAINNOISTA YLEIS\u00d6N KOHTAAMISEEN<\/a><\/h5>\r\n\t\t\t\t\t\t\t\t<\/div>\r\n\t\t\t\t\t\t<\/div>\r\n\t\t\t\t\t<\/div>\r\n\t\t\t\t\t\t\t\t\t\t<div class=\"col-md-4 mb-30 isotope-item\">\r\n\t\t\t\t\t\t<div class=\"item\">\r\n\t\t\t\t\t\t\t<div class=\"position-re o-hidden position-re-order-blog\" > \r\n\t\t\t\t\t\t\t\t\t\t\t\t\t\t<div class=\"cd-pt-ab\">\r\n\t\t\t\t\t\t\t<img decoding=\"async\" data-src=\"https:\/\/grusgrus.fi\/wp-content\/uploads\/2025\/05\/BabyFrank-Frans-Rinne-0792-scaled.jpg\" alt=\"Ihmettelyn ja yhteyden laboratoriossa &#8211; esityksen ohjaajan ja dramaturgin vuoropuhelu\" src=\"data:image\/svg+xml;base64,PHN2ZyB3aWR0aD0iMSIgaGVpZ2h0PSIxIiB4bWxucz0iaHR0cDovL3d3dy53My5vcmcvMjAwMC9zdmciPjwvc3ZnPg==\" class=\"lazyload\" style=\"--smush-placeholder-width: 2560px; --smush-placeholder-aspect-ratio: 2560\/1708;\">\r\n\t\t\t\t\t\t\t<\/div>\r\n\t\t\t\t\t\t\t\t\t\t\t\t\t\t\t<div class=\"date\">\r\n\t\t\t\t\t\t\t\t\t<a href=\"https:\/\/grusgrus.fi\/en\/ihmettelyn-ja-yhteyden-laboratoriossa-esityksen-ohjaajan-ja-dramaturgin-vuoropuhelu\/\"> <span>Jun<\/span> <i>19<\/i> <\/a>\r\n\t\t\t\t\t\t\t\t<\/div>\r\n\t\t\t\t\t\t\t<\/div>\r\n\t\t\t\t\t\t\t\t\t\t\t\t\t\t\t<div class=\"con\"> \r\n\t\t\t\t\t\t\t\t\t\t\t\t\t\t\t\t\t<span class=\"category\">\r\n\t\t\t\t\t\t\t\t\t\t\t\t\t\t\t\t\t\t\t<a href=\"https:\/\/grusgrus.fi\/en\/category\/blog\/\">Blog  <\/a>\r\n\t\t\t\t\t\t\t\t\t\t\t\t\t\t\t\t\t\t<\/span>\r\n\t\t\t\t\t\t\t\t\t\t\t\t\t\t\t\t\t<h5 class=\"tl-post-el-title\"><a href=\"https:\/\/grusgrus.fi\/en\/ihmettelyn-ja-yhteyden-laboratoriossa-esityksen-ohjaajan-ja-dramaturgin-vuoropuhelu\/\">Ihmettelyn ja yhteyden laboratoriossa &#8211; esityksen ohjaajan ja dramaturgin vuoropuhelu<\/a><\/h5>\r\n\t\t\t\t\t\t\t\t<\/div>\r\n\t\t\t\t\t\t<\/div>\r\n\t\t\t\t\t<\/div>\r\n\t\t\t\t\t\t\t\t\t\t<div class=\"col-md-4 mb-30 isotope-item\">\r\n\t\t\t\t\t\t<div class=\"item\">\r\n\t\t\t\t\t\t\t<div class=\"position-re o-hidden position-re-order-blog\" > \r\n\t\t\t\t\t\t\t\t\t\t\t\t\t\t<div class=\"cd-pt-ab\">\r\n\t\t\t\t\t\t\t<img decoding=\"async\" data-src=\"https:\/\/grusgrus.fi\/wp-content\/uploads\/2025\/04\/2024_Timisoara2_Teszt2024_photo-Laszlo-Beliczay-scaled-e1745487233938.jpg\" alt=\"Osynliga L\u00e4nder 10 \u00e5r! | N\u00e4kym\u00e4tt\u00f6m\u00e4t maat 10 vuotta! | 10 years of Invisible Lands!\" src=\"data:image\/svg+xml;base64,PHN2ZyB3aWR0aD0iMSIgaGVpZ2h0PSIxIiB4bWxucz0iaHR0cDovL3d3dy53My5vcmcvMjAwMC9zdmciPjwvc3ZnPg==\" class=\"lazyload\" style=\"--smush-placeholder-width: 2560px; --smush-placeholder-aspect-ratio: 2560\/930;\">\r\n\t\t\t\t\t\t\t<\/div>\r\n\t\t\t\t\t\t\t\t\t\t\t\t\t\t\t<div class=\"date\">\r\n\t\t\t\t\t\t\t\t\t<a href=\"https:\/\/grusgrus.fi\/en\/osynliga-lander-10-ar-nakymattomat-maat-10-vuotta-10-years-of-invisible-lands\/\"> <span>Apr<\/span> <i>24<\/i> <\/a>\r\n\t\t\t\t\t\t\t\t<\/div>\r\n\t\t\t\t\t\t\t<\/div>\r\n\t\t\t\t\t\t\t\t\t\t\t\t\t\t\t<div class=\"con\"> \r\n\t\t\t\t\t\t\t\t\t\t\t\t\t\t\t\t\t<span class=\"category\">\r\n\t\t\t\t\t\t\t\t\t\t\t\t\t\t\t\t\t\t\t<a href=\"https:\/\/grusgrus.fi\/en\/category\/news\/\">News  <\/a>\r\n\t\t\t\t\t\t\t\t\t\t\t\t\t\t\t\t\t\t<\/span>\r\n\t\t\t\t\t\t\t\t\t\t\t\t\t\t\t\t\t<h5 class=\"tl-post-el-title\"><a href=\"https:\/\/grusgrus.fi\/en\/osynliga-lander-10-ar-nakymattomat-maat-10-vuotta-10-years-of-invisible-lands\/\">Osynliga L\u00e4nder 10 \u00e5r! | N\u00e4kym\u00e4tt\u00f6m\u00e4t maat 10 vuotta! | 10 years of Invisible Lands!<\/a><\/h5>\r\n\t\t\t\t\t\t\t\t<\/div>\r\n\t\t\t\t\t\t<\/div>\r\n\t\t\t\t\t<\/div>\r\n\t\t\t\t\t\t\t\t\t\t<div class=\"col-md-4 mb-30 isotope-item\">\r\n\t\t\t\t\t\t<div class=\"item\">\r\n\t\t\t\t\t\t\t<div class=\"position-re o-hidden position-re-order-blog\" > \r\n\t\t\t\t\t\t\t\t\t\t\t\t\t\t<div class=\"cd-pt-ab\">\r\n\t\t\t\t\t\t\t<img decoding=\"async\" data-src=\"https:\/\/grusgrus.fi\/wp-content\/uploads\/2025\/03\/PuoliaikaESITYS-FRANSRINNE-1-scaled.jpg\" alt=\"Jokaisella mamulla on siniristins\u00e4 kannattevana\" src=\"data:image\/svg+xml;base64,PHN2ZyB3aWR0aD0iMSIgaGVpZ2h0PSIxIiB4bWxucz0iaHR0cDovL3d3dy53My5vcmcvMjAwMC9zdmciPjwvc3ZnPg==\" class=\"lazyload\" style=\"--smush-placeholder-width: 2560px; --smush-placeholder-aspect-ratio: 2560\/1708;\">\r\n\t\t\t\t\t\t\t<\/div>\r\n\t\t\t\t\t\t\t\t\t\t\t\t\t\t\t<div class=\"date\">\r\n\t\t\t\t\t\t\t\t\t<a href=\"https:\/\/grusgrus.fi\/en\/puoliaikadramaturginsilmin\/\"> <span>Mar<\/span> <i>17<\/i> <\/a>\r\n\t\t\t\t\t\t\t\t<\/div>\r\n\t\t\t\t\t\t\t<\/div>\r\n\t\t\t\t\t\t\t\t\t\t\t\t\t\t\t<div class=\"con\"> \r\n\t\t\t\t\t\t\t\t\t\t\t\t\t\t\t\t\t<span class=\"category\">\r\n\t\t\t\t\t\t\t\t\t\t\t\t\t\t\t\t\t\t\t<a href=\"https:\/\/grusgrus.fi\/en\/category\/blog\/\">Blog  <\/a>\r\n\t\t\t\t\t\t\t\t\t\t\t\t\t\t\t\t\t\t<\/span>\r\n\t\t\t\t\t\t\t\t\t\t\t\t\t\t\t\t\t<h5 class=\"tl-post-el-title\"><a href=\"https:\/\/grusgrus.fi\/en\/puoliaikadramaturginsilmin\/\">Jokaisella mamulla on siniristins\u00e4 kannattevana<\/a><\/h5>\r\n\t\t\t\t\t\t\t\t<\/div>\r\n\t\t\t\t\t\t<\/div>\r\n\t\t\t\t\t<\/div>\r\n\t\t\t\t\t\t\t\t\t\t<div class=\"col-md-4 mb-30 isotope-item\">\r\n\t\t\t\t\t\t<div class=\"item\">\r\n\t\t\t\t\t\t\t<div class=\"position-re o-hidden position-re-order-blog\" > \r\n\t\t\t\t\t\t\t\t\t\t\t\t\t\t<div class=\"cd-pt-ab\">\r\n\t\t\t\t\t\t\t<img decoding=\"async\" data-src=\"https:\/\/grusgrus.fi\/wp-content\/uploads\/2024\/10\/Sanna-Photos-For-Website-1.png\" alt=\"Grus Grus Teatterin uusi toiminnanjohtaja Sanna Soni\" src=\"data:image\/svg+xml;base64,PHN2ZyB3aWR0aD0iMSIgaGVpZ2h0PSIxIiB4bWxucz0iaHR0cDovL3d3dy53My5vcmcvMjAwMC9zdmciPjwvc3ZnPg==\" class=\"lazyload\" style=\"--smush-placeholder-width: 1033px; --smush-placeholder-aspect-ratio: 1033\/1029;\">\r\n\t\t\t\t\t\t\t<\/div>\r\n\t\t\t\t\t\t\t\t\t\t\t\t\t\t\t<div class=\"date\">\r\n\t\t\t\t\t\t\t\t\t<a href=\"https:\/\/grusgrus.fi\/en\/sanna-soni-executive-director\/\"> <span>Aug<\/span> <i>07<\/i> <\/a>\r\n\t\t\t\t\t\t\t\t<\/div>\r\n\t\t\t\t\t\t\t<\/div>\r\n\t\t\t\t\t\t\t\t\t\t\t\t\t\t\t<div class=\"con\"> \r\n\t\t\t\t\t\t\t\t\t\t\t\t\t\t\t\t\t<span class=\"category\">\r\n\t\t\t\t\t\t\t\t\t\t\t\t\t\t\t\t\t\t\t<a href=\"https:\/\/grusgrus.fi\/en\/category\/news\/\">News  <\/a>\r\n\t\t\t\t\t\t\t\t\t\t\t\t\t\t\t\t\t\t<\/span>\r\n\t\t\t\t\t\t\t\t\t\t\t\t\t\t\t\t\t<h5 class=\"tl-post-el-title\"><a href=\"https:\/\/grusgrus.fi\/en\/sanna-soni-executive-director\/\">Grus Grus Teatterin uusi toiminnanjohtaja Sanna Soni<\/a><\/h5>\r\n\t\t\t\t\t\t\t\t<\/div>\r\n\t\t\t\t\t\t<\/div>\r\n\t\t\t\t\t<\/div>\r\n\t\t\t\t\t\t\t\t\t<\/div>\r\n            <\/div>\r\n\t\t<\/div>\r\n\t\t\r\n        \t\t\t\t<\/div>\n\t\t\t\t<\/div>\n\t\t\t\t\t<\/div>\n\t\t<\/div>\n\t\t\t\t\t<\/div>\n\t\t<\/section>\n\t\t\t\t<\/div>","protected":false},"excerpt":{"rendered":"<p>Uutiskirje ilmestyy 1-2 kertaa kuukaudessa. Liity postituslistalle t\u00e4st\u00e4! kes\u00e4 27 Blog HAVAINNOISTA YLEIS\u00d6N KOHTAAMISEEN kes\u00e4 19 Blog Ihmettelyn ja yhteyden laboratoriossa &#8211; esityksen ohjaajan ja dramaturgin vuoropuhelu huhti 24 News Osynliga L\u00e4nder 10 \u00e5r! | N\u00e4kym\u00e4tt\u00f6m\u00e4t maat 10 vuotta! | 10 years of Invisible&#8230;<\/p>","protected":false},"author":1,"featured_media":0,"parent":0,"menu_order":0,"comment_status":"closed","ping_status":"closed","template":"","meta":{"footnotes":""},"class_list":["post-220","page","type-page","status-publish","hentry"],"meta_box":[],"_links":{"self":[{"href":"https:\/\/grusgrus.fi\/en\/wp-json\/wp\/v2\/pages\/220","targetHints":{"allow":["GET"]}}],"collection":[{"href":"https:\/\/grusgrus.fi\/en\/wp-json\/wp\/v2\/pages"}],"about":[{"href":"https:\/\/grusgrus.fi\/en\/wp-json\/wp\/v2\/types\/page"}],"author":[{"embeddable":true,"href":"https:\/\/grusgrus.fi\/en\/wp-json\/wp\/v2\/users\/1"}],"replies":[{"embeddable":true,"href":"https:\/\/grusgrus.fi\/en\/wp-json\/wp\/v2\/comments?post=220"}],"version-history":[{"count":21,"href":"https:\/\/grusgrus.fi\/en\/wp-json\/wp\/v2\/pages\/220\/revisions"}],"predecessor-version":[{"id":5504,"href":"https:\/\/grusgrus.fi\/en\/wp-json\/wp\/v2\/pages\/220\/revisions\/5504"}],"wp:attachment":[{"href":"https:\/\/grusgrus.fi\/en\/wp-json\/wp\/v2\/media?parent=220"}],"curies":[{"name":"wp","href":"https:\/\/api.w.org\/{rel}","templated":true}]}}