{"id":160,"date":"2022-08-01T22:02:46","date_gmt":"2022-08-01T22:02:46","guid":{"rendered":"https:\/\/webredox.net\/demo\/wp\/travol\/?page_id=160"},"modified":"2025-05-07T10:00:10","modified_gmt":"2025-05-07T10:00:10","slug":"yhteystiedot","status":"publish","type":"page","link":"https:\/\/grusgrus.fi\/en\/yhteystiedot\/","title":{"rendered":"Contact"},"content":{"rendered":"<div data-elementor-type=\"wp-page\" data-elementor-id=\"160\" class=\"elementor elementor-160\" data-elementor-post-type=\"page\">\n\t\t\t\t\t\t<section class=\"elementor-section elementor-top-section elementor-element elementor-element-1c6303a elementor-section-boxed elementor-section-height-default elementor-section-height-default\" data-id=\"1c6303a\" data-element_type=\"section\">\n\t\t\t\t\t\t<div class=\"elementor-container elementor-column-gap-narrow\">\n\t\t\t\t\t<div class=\"elementor-column elementor-col-100 elementor-top-column elementor-element elementor-element-576b266\" data-id=\"576b266\" data-element_type=\"column\">\n\t\t\t<div class=\"elementor-widget-wrap elementor-element-populated\">\n\t\t\t\t\t\t<section class=\"elementor-section elementor-inner-section elementor-element elementor-element-6901b6c elementor-section-full_width elementor-section-height-default elementor-section-height-default\" data-id=\"6901b6c\" data-element_type=\"section\">\n\t\t\t\t\t\t<div class=\"elementor-container elementor-column-gap-default\">\n\t\t\t\t\t<div class=\"elementor-column elementor-col-33 elementor-inner-column elementor-element elementor-element-2e13ac3\" data-id=\"2e13ac3\" data-element_type=\"column\">\n\t\t\t<div class=\"elementor-widget-wrap elementor-element-populated\">\n\t\t\t\t\t\t<div class=\"elementor-element elementor-element-8ae9b72 elementor-widget elementor-widget-text-editor\" data-id=\"8ae9b72\" data-element_type=\"widget\" data-widget_type=\"text-editor.default\">\n\t\t\t\t<div class=\"elementor-widget-container\">\n\t\t\t\t\t\t\t\t\t<h2 class=\"qrShPb pXs6bb PZPZlf q8U8x aTI8gc hNKfZe\" data-dtype=\"d3ifr\" data-local-attribute=\"d3bn\" data-attrid=\"title\" data-ved=\"2ahUKEwjYvoanvPaGAxXMExAIHdpCCz0Q3B0oAHoECDYQAQ\"><span style=\"color: #003366;\">Grus Grus Teatteri ry<\/span><\/h2><p>We create performances in places where you might not expect to see theatre.<br \/>Y-tunnus: <span style=\"font-weight: 400;\">1087792-2<\/span><\/p>\t\t\t\t\t\t\t\t<\/div>\n\t\t\t\t<\/div>\n\t\t\t\t<div class=\"elementor-element elementor-element-aa1d6cb elementor-widget elementor-widget-travol-contact\" data-id=\"aa1d6cb\" data-element_type=\"widget\" data-widget_type=\"travol-contact.default\">\n\t\t\t\t<div class=\"elementor-widget-container\">\n\t\t\t\t\t        \n\t\t<div class=\"phone-call mb-30\">\n\t\t            <div class=\"icon\">\n\t\t\t\t\t\t\t<span class=\"flaticon-phone-call\"><\/span>\n\t\t\t\t\t\t<\/div>\n\t\t            <div class=\"text\">\n\t\t\t\t                <p>Telephone<\/p>\n\t\t\t\t\t\t\t\t\t\t\n\t\t\t\t\t<a href=\"tel:+358044 242 9324\">044 242 9324<\/a>\n\t\t\t\t            <\/div>\n        <\/div>\n\t\t\n        \t\t\t\t<\/div>\n\t\t\t\t<\/div>\n\t\t\t\t<div class=\"elementor-element elementor-element-16f4715 elementor-widget elementor-widget-travol-contact\" data-id=\"16f4715\" data-element_type=\"widget\" data-widget_type=\"travol-contact.default\">\n\t\t\t\t<div class=\"elementor-widget-container\">\n\t\t\t\t\t        \n\t\t<div class=\"phone-call mb-30\">\n\t\t            <div class=\"icon\">\n\t\t\t\t\t\t\t<span class=\"flaticon-message\"><\/span>\n\t\t\t\t\t\t<\/div>\n\t\t            <div class=\"text\">\n\t\t\t\t                <p>Email<\/p>\n\t\t\t\t\t\t\t\t\t\t\t\t\t<a href=\"mailto:info@grusgrus.fi\">info@grusgrus.fi<\/a>\n\t\t\t\t            <\/div>\n        <\/div>\n\t\t\n        \t\t\t\t<\/div>\n\t\t\t\t<\/div>\n\t\t\t\t<div class=\"elementor-element elementor-element-5efe618 elementor-widget elementor-widget-travol-contact\" data-id=\"5efe618\" data-element_type=\"widget\" data-widget_type=\"travol-contact.default\">\n\t\t\t\t<div class=\"elementor-widget-container\">\n\t\t\t\t\t        \n\t\t<div class=\"phone-call mb-30\">\n\t\t            <div class=\"icon\">\n\t\t\t\t\t\t\t<span class=\"flaticon-message\"><\/span>\n\t\t\t\t\t\t<\/div>\n\t\t            <div class=\"text\">\n\t\t\t\t                <p>Toiminnanjohtaja:<\/p>\n\t\t\t\t\t\t\t\t\t\t\t\t\t<a href=\"mailto:info@grusgrus.fi\">sanna.soni@grusgrus.fi<\/a>\n\t\t\t\t            <\/div>\n        <\/div>\n\t\t\n        \t\t\t\t<\/div>\n\t\t\t\t<\/div>\n\t\t\t\t<div class=\"elementor-element elementor-element-5e9d2c8 elementor-widget elementor-widget-travol-contact\" data-id=\"5e9d2c8\" data-element_type=\"widget\" data-widget_type=\"travol-contact.default\">\n\t\t\t\t<div class=\"elementor-widget-container\">\n\t\t\t\t\t        \n\t\t<div class=\"phone-call mb-30\">\n\t\t            <div class=\"icon\">\n\t\t\t\t\t\t\t<span class=\"flaticon-message\"><\/span>\n\t\t\t\t\t\t<\/div>\n\t\t            <div class=\"text\">\n\t\t\t\t                <p>Hallituksen puheenjohtaja:<\/p>\n\t\t\t\t\t\t\t\t\t\t\t\t\t<a href=\"mailto:info@grusgrus.fi\">pj@grusgrus.fi<\/a>\n\t\t\t\t            <\/div>\n        <\/div>\n\t\t\n        \t\t\t\t<\/div>\n\t\t\t\t<\/div>\n\t\t\t\t<div class=\"elementor-element elementor-element-e27caad elementor-widget elementor-widget-travol-contact\" data-id=\"e27caad\" data-element_type=\"widget\" data-widget_type=\"travol-contact.default\">\n\t\t\t\t<div class=\"elementor-widget-container\">\n\t\t\t\t\t        \n\t\t<div class=\"phone-call mb-30\">\n\t\t            <div class=\"icon\">\n\t\t\t\t\t\t\t<span class=\"flaticon-placeholder\"><\/span>\n\t\t\t\t\t\t<\/div>\n\t\t            <div class=\"text\">\n\t\t\t\t                <p>Address<\/p>\n\t\t\t\t\t\t\t\t\t\t\t\t\t\n\t\t\t\t\t<a href=\"https:\/\/www.google.com\/maps\/place\/Henkinen+lentoyhti%C3%B6+Grus+Grus+Teatteri\/@60.4389972,22.2451067,17z\/data=!3m1!4b1!4m6!3m5!1s0x468c76f89a0719e3:0x52c8a1355c713a02!8m2!3d60.4389946!4d22.2476816!16s%2Fg%2F11c6y_ky41?entry=ttu\" target=\"_blank\" class=\"tl-con-mail\">It\u00e4inen Rantakatu 64, <br>20810 Turku<\/a>\n\t\t\t\t            <\/div>\n        <\/div>\n\t\t\n        \t\t\t\t<\/div>\n\t\t\t\t<\/div>\n\t\t\t\t\t<\/div>\n\t\t<\/div>\n\t\t\t\t<div class=\"elementor-column elementor-col-33 elementor-inner-column elementor-element elementor-element-86fe858\" data-id=\"86fe858\" data-element_type=\"column\">\n\t\t\t<div class=\"elementor-widget-wrap\">\n\t\t\t\t\t\t\t<\/div>\n\t\t<\/div>\n\t\t\t\t<div class=\"elementor-column elementor-col-33 elementor-inner-column elementor-element elementor-element-04c8035 elementor-hidden-desktop elementor-hidden-tablet elementor-hidden-mobile\" data-id=\"04c8035\" data-element_type=\"column\">\n\t\t\t<div class=\"elementor-widget-wrap elementor-element-populated\">\n\t\t\t\t\t\t<div class=\"elementor-element elementor-element-b3a91f1 elementor-widget elementor-widget-image\" data-id=\"b3a91f1\" data-element_type=\"widget\" data-widget_type=\"image.default\">\n\t\t\t\t<div class=\"elementor-widget-container\">\n\t\t\t\t\t\t\t\t\t\t\t\t\t\t\t<img fetchpriority=\"high\" decoding=\"async\" width=\"900\" height=\"410\" src=\"https:\/\/grusgrus.fi\/wp-content\/uploads\/2024\/06\/Stats-1-1024x467.jpg\" class=\"attachment-large size-large wp-image-2948\" alt=\"\" srcset=\"https:\/\/grusgrus.fi\/wp-content\/uploads\/2024\/06\/Stats-1-1024x467.jpg 1024w, https:\/\/grusgrus.fi\/wp-content\/uploads\/2024\/06\/Stats-1-300x137.jpg 300w, https:\/\/grusgrus.fi\/wp-content\/uploads\/2024\/06\/Stats-1-768x350.jpg 768w, https:\/\/grusgrus.fi\/wp-content\/uploads\/2024\/06\/Stats-1-1536x700.jpg 1536w, https:\/\/grusgrus.fi\/wp-content\/uploads\/2024\/06\/Stats-1-2048x933.jpg 2048w, https:\/\/grusgrus.fi\/wp-content\/uploads\/2024\/06\/Stats-1-18x8.jpg 18w\" sizes=\"(max-width: 900px) 100vw, 900px\" \/>\t\t\t\t\t\t\t\t\t\t\t\t\t\t\t<\/div>\n\t\t\t\t<\/div>\n\t\t\t\t<div class=\"elementor-element elementor-element-fcb482c elementor-widget elementor-widget-travol-form\" data-id=\"fcb482c\" data-element_type=\"widget\" data-widget_type=\"travol-form.default\">\n\t\t\t\t<div class=\"elementor-widget-container\">\n\t\t\t\t\t\t\t<div class=\"right-sidebar\">\n\t\t\t<div class=\"right-sidebar item\">\n\t\t\t\t\t\t\t\t\t<h3><span class=\"right-sidebar item__from\">Get in touch<\/span><span class=\"right-sidebar item__sale\"><\/span><\/h3>\n\t\t\t\t\t\t\t\t<div class=\"right-sidebar item-form contact__form vc_template\">\t\t\n\t\t\t\t\t[contact-form-7 id=\"8\" title=\"Contact Page\"]\t\t\t\t<\/div>\t\n\t\t\t<\/div>\t\n\t\t<\/div>\t\n\t\t\n        \t\t\t\t<\/div>\n\t\t\t\t<\/div>\n\t\t\t\t\t<\/div>\n\t\t<\/div>\n\t\t\t\t\t<\/div>\n\t\t<\/section>\n\t\t\t\t<section class=\"elementor-section elementor-inner-section elementor-element elementor-element-0018b60 elementor-section-full_width elementor-section-height-default elementor-section-height-default\" data-id=\"0018b60\" data-element_type=\"section\">\n\t\t\t\t\t\t<div class=\"elementor-container elementor-column-gap-default\">\n\t\t\t\t\t<div class=\"elementor-column elementor-col-100 elementor-inner-column elementor-element elementor-element-5fa2e6d\" data-id=\"5fa2e6d\" data-element_type=\"column\">\n\t\t\t<div class=\"elementor-widget-wrap elementor-element-populated\">\n\t\t\t\t\t\t<div class=\"elementor-element elementor-element-cd331ee elementor-widget elementor-widget-google_maps\" data-id=\"cd331ee\" data-element_type=\"widget\" data-widget_type=\"google_maps.default\">\n\t\t\t\t<div class=\"elementor-widget-container\">\n\t\t\t\t\t\t\t<div class=\"elementor-custom-embed\">\n\t\t\t<iframe\n\t\t\t\t\tdata-src=\"https:\/\/maps.google.com\/maps?q=It%C3%A4inen%20Rantakatu%2064%2C%2020810%20Turku&#038;t=m&#038;z=16&#038;output=embed&#038;iwloc=near\"\n\t\t\t\t\ttitle=\"It\u00e4inen Rantakatu 64, 20810 Turku\"\n\t\t\t\t\taria-label=\"It\u00e4inen Rantakatu 64, 20810 Turku\"\n\t\t\t src=\"data:image\/svg+xml;base64,PHN2ZyB3aWR0aD0iMSIgaGVpZ2h0PSIxIiB4bWxucz0iaHR0cDovL3d3dy53My5vcmcvMjAwMC9zdmciPjwvc3ZnPg==\" class=\"lazyload\" data-load-mode=\"1\"><\/iframe>\n\t\t<\/div>\n\t\t\t\t\t\t<\/div>\n\t\t\t\t<\/div>\n\t\t\t\t\t<\/div>\n\t\t<\/div>\n\t\t\t\t\t<\/div>\n\t\t<\/section>\n\t\t\t\t\t<\/div>\n\t\t<\/div>\n\t\t\t\t\t<\/div>\n\t\t<\/section>\n\t\t\t\t<section class=\"elementor-section elementor-top-section elementor-element elementor-element-4ebd9136 elementor-section-boxed elementor-section-height-default elementor-section-height-default\" data-id=\"4ebd9136\" data-element_type=\"section\" data-settings=\"{&quot;background_background&quot;:&quot;classic&quot;}\">\n\t\t\t\t\t\t<div class=\"elementor-container elementor-column-gap-narrow\">\n\t\t\t\t\t<div class=\"elementor-column elementor-col-100 elementor-top-column elementor-element elementor-element-45c5affe\" data-id=\"45c5affe\" data-element_type=\"column\">\n\t\t\t<div class=\"elementor-widget-wrap\">\n\t\t\t\t\t\t\t<\/div>\n\t\t<\/div>\n\t\t\t\t\t<\/div>\n\t\t<\/section>\n\t\t\t\t<\/div>","protected":false},"excerpt":{"rendered":"<p>Grus Grus Teatteri ry Luomme esityksi\u00e4 paikkoihin, joissa ei ehk\u00e4 olisi osannut odottaa n\u00e4kev\u00e4ns\u00e4 teatteria.Y-tunnus: 1087792-2 Puhelin 044 242 9324 S\u00e4hk\u00f6posti info@grusgrus.fi Toiminnanjohtaja: sanna.soni@grusgrus.fi Hallituksen puheenjohtaja: pj@grusgrus.fi Osoite It\u00e4inen Rantakatu 64, 20810 Turku Get in touch [contact-form-7 id=&#8221;8&#8243; title=&#8221;Contact Page&#8221;]<\/p>","protected":false},"author":1,"featured_media":0,"parent":0,"menu_order":0,"comment_status":"closed","ping_status":"closed","template":"","meta":{"footnotes":""},"class_list":["post-160","page","type-page","status-publish","hentry"],"meta_box":[],"_links":{"self":[{"href":"https:\/\/grusgrus.fi\/en\/wp-json\/wp\/v2\/pages\/160","targetHints":{"allow":["GET"]}}],"collection":[{"href":"https:\/\/grusgrus.fi\/en\/wp-json\/wp\/v2\/pages"}],"about":[{"href":"https:\/\/grusgrus.fi\/en\/wp-json\/wp\/v2\/types\/page"}],"author":[{"embeddable":true,"href":"https:\/\/grusgrus.fi\/en\/wp-json\/wp\/v2\/users\/1"}],"replies":[{"embeddable":true,"href":"https:\/\/grusgrus.fi\/en\/wp-json\/wp\/v2\/comments?post=160"}],"version-history":[{"count":21,"href":"https:\/\/grusgrus.fi\/en\/wp-json\/wp\/v2\/pages\/160\/revisions"}],"predecessor-version":[{"id":4353,"href":"https:\/\/grusgrus.fi\/en\/wp-json\/wp\/v2\/pages\/160\/revisions\/4353"}],"wp:attachment":[{"href":"https:\/\/grusgrus.fi\/en\/wp-json\/wp\/v2\/media?parent=160"}],"curies":[{"name":"wp","href":"https:\/\/api.w.org\/{rel}","templated":true}]}}